{"id":132,"date":"2018-04-04T15:11:31","date_gmt":"2018-04-04T15:11:31","guid":{"rendered":"http:\/\/themes.webdevia.com\/backhoe-heavy-construction-equipment-rentals-machinery-wordpress-theme\/?page_id=132"},"modified":"2025-02-04T17:48:54","modified_gmt":"2025-02-04T20:48:54","slug":"displaylist","status":"publish","type":"page","link":"https:\/\/zenimaquinas.com\/index.php\/displaylist\/","title":{"rendered":"LOCA\u00c7\u00c3O"},"content":{"rendered":"<div class='wd_empty_space' data-heightmobile='50' data-heighttablet='50' data-heightdesktop='120'\r\n \t\t\t\t\t\tstyle='height:120px' ><\/div><div class=\"wd-heading text-left  \" style=\"max-width: 100%\" >\r\n\t\r\n\t\t\r\n\t\t<h2 style=\"margin:0;\" class=\"title_a\" data-text=\"ALUGUE SUA M\u00c1QUINA\">\r\n\t\tLOCA\u00c7\u00c3O\t\t<\/h2>\r\n\r\n\t\t\t\t\t\t\t<p style=\"\" class=\"sub_title_a\">\r\n\t\t\tALUGUE SUA M\u00c1QUINA\t\t\t<\/p>\r\n\t\t\t\t<hr class='hr_a' style=' margin: 10px;'\/>\r\n\t\t<\/div>\r\n\t<div class='wd_empty_space' data-heightmobile='40' data-heighttablet='60' data-heightdesktop='60'\r\n\t\tstyle='height:60px' ><\/div>\n<p style=\"text-align: center;\">Optar pela loca\u00e7\u00e3o de m\u00e1quinas industriais traz uma s\u00e9rie de benef\u00edcios que podem transformar a efici\u00eancia e a produtividade do seu neg\u00f3cio. Na Zeni, oferecemos um servi\u00e7o completo de loca\u00e7\u00e3o que garante a voc\u00ea acesso aos melhores equipamentos do mercado, al\u00e9m de uma s\u00e9rie de vantagens que fazem toda a diferen\u00e7a. Escolha seu produto:<\/p>\n<div class=\"woocommerce columns-3 \"><ul class=\"products columns-3 grid\">\r\n<li class=\"product type-product post-5890 status-publish first instock product_cat-compras has-post-thumbnail shipping-taxable product-type-simple wd-wc-style-1\">\n\t<div class='product-image-wrapper'><a href=\"https:\/\/zenimaquinas.com\/index.php\/produto\/empilhadeira-eletrica-35t-hangcha-bateria-litio\/\"><img fetchpriority=\"high\" decoding=\"async\" width=\"361\" height=\"325\" src=\"https:\/\/zenimaquinas.com\/wp-content\/uploads\/2025\/01\/Captura-de-tela-2025-01-07-190305.jpg\" class=\"attachment-woocommerce_thumbnail size-woocommerce_thumbnail\" alt=\"Empilhadeira El\u00e9trica 3,5T Hangcha Bateria L\u00edtio\" srcset=\"https:\/\/zenimaquinas.com\/wp-content\/uploads\/2025\/01\/Captura-de-tela-2025-01-07-190305.jpg 361w, https:\/\/zenimaquinas.com\/wp-content\/uploads\/2025\/01\/Captura-de-tela-2025-01-07-190305-300x270.jpg 300w\" sizes=\"(max-width: 361px) 100vw, 361px\" \/><\/a><\/div><div class=\"product-details-wrapper\">\r\n              <h2 class=\"woocommerce-loop-product__title\">\r\n                <a href=\"https:\/\/zenimaquinas.com\/index.php\/produto\/empilhadeira-eletrica-35t-hangcha-bateria-litio\/\">Empilhadeira El\u00e9trica 3,5T Hangcha Bateria L\u00edtio <\/a>\r\n              <\/h2>\r\n\r\n<div class=\"pricing-location\">    \r\n\t<\/div>\r\n\r\n\r\n<div class=\"description\">\r\n    <\/div>\r\n<a href=\"https:\/\/zenimaquinas.com\/index.php\/produto\/empilhadeira-eletrica-35t-hangcha-bateria-litio\/\"  data-quantity=\"1\" class=\"button product_type_simple\" data-product_id=\"5890\" data-product_sku=\"\" aria-label=\"Leia mais sobre &ldquo;Empilhadeira El\u00e9trica 3,5T Hangcha Bateria L\u00edtio&rdquo;\" rel=\"nofollow\">Leia mais<\/a><\/div><\/li>\n<li class=\"product type-product post-5938 status-publish instock product_cat-locacao-de-empilhadeiras product_cat-venda-de-empilhadeiras has-post-thumbnail shipping-taxable product-type-simple wd-wc-style-1\">\n\t<div class='product-image-wrapper'><a href=\"https:\/\/zenimaquinas.com\/index.php\/produto\/empilhadeira-hangcha-diesel-3-toneladas\/\"><img decoding=\"async\" width=\"564\" height=\"660\" src=\"https:\/\/zenimaquinas.com\/wp-content\/uploads\/2025\/02\/Captura-de-tela-2025-02-04-171847.jpg\" class=\"attachment-woocommerce_thumbnail size-woocommerce_thumbnail\" alt=\"Empilhadeira Hangcha Diesel 3 toneladas\" srcset=\"https:\/\/zenimaquinas.com\/wp-content\/uploads\/2025\/02\/Captura-de-tela-2025-02-04-171847.jpg 564w, https:\/\/zenimaquinas.com\/wp-content\/uploads\/2025\/02\/Captura-de-tela-2025-02-04-171847-256x300.jpg 256w\" sizes=\"(max-width: 564px) 100vw, 564px\" \/><\/a><\/div><div class=\"product-details-wrapper\">\r\n              <h2 class=\"woocommerce-loop-product__title\">\r\n                <a href=\"https:\/\/zenimaquinas.com\/index.php\/produto\/empilhadeira-hangcha-diesel-3-toneladas\/\">Empilhadeira Hangcha Diesel 3 toneladas <\/a>\r\n              <\/h2>\r\n\r\n<div class=\"pricing-location\">    \r\n\t<\/div>\r\n\r\n\r\n<div class=\"description\">\r\n    <\/div>\r\n<a href=\"https:\/\/zenimaquinas.com\/index.php\/produto\/empilhadeira-hangcha-diesel-3-toneladas\/\"  data-quantity=\"1\" class=\"button product_type_simple\" data-product_id=\"5938\" data-product_sku=\"\" aria-label=\"Leia mais sobre &ldquo;Empilhadeira Hangcha Diesel 3 toneladas&rdquo;\" rel=\"nofollow\">Leia mais<\/a><\/div><\/li>\n<li class=\"product type-product post-5889 status-publish last instock product_cat-locacao product_cat-vendas has-post-thumbnail shipping-taxable product-type-simple wd-wc-style-1\">\n\t<div class='product-image-wrapper'><a href=\"https:\/\/zenimaquinas.com\/index.php\/produto\/empilhadeira-hangcha-glp-3t\/\"><img decoding=\"async\" width=\"700\" height=\"434\" src=\"https:\/\/zenimaquinas.com\/wp-content\/uploads\/2025\/01\/Imagem2-700x434.png\" class=\"attachment-woocommerce_thumbnail size-woocommerce_thumbnail\" alt=\"Empilhadeira Hangcha GLP 3T\" \/><\/a><\/div><div class=\"product-details-wrapper\">\r\n              <h2 class=\"woocommerce-loop-product__title\">\r\n                <a href=\"https:\/\/zenimaquinas.com\/index.php\/produto\/empilhadeira-hangcha-glp-3t\/\">Empilhadeira Hangcha GLP 3T <\/a>\r\n              <\/h2>\r\n\r\n<div class=\"pricing-location\">    \r\n\t<\/div>\r\n\r\n\r\n<div class=\"description\">\r\n    <\/div>\r\n<a href=\"https:\/\/zenimaquinas.com\/index.php\/produto\/empilhadeira-hangcha-glp-3t\/\"  data-quantity=\"1\" class=\"button product_type_simple\" data-product_id=\"5889\" data-product_sku=\"\" aria-label=\"Leia mais sobre &ldquo;Empilhadeira Hangcha GLP 3T&rdquo;\" rel=\"nofollow\">Leia mais<\/a><\/div><\/li>\n<li class=\"product type-product post-5891 status-publish first instock product_cat-locacao product_cat-vendas has-post-thumbnail shipping-taxable product-type-simple wd-wc-style-1\">\n\t<div class='product-image-wrapper'><a href=\"https:\/\/zenimaquinas.com\/index.php\/produto\/empilhadeira-patolada-hangcha-eletrica-1-600-kg\/\"><img loading=\"lazy\" decoding=\"async\" width=\"437\" height=\"457\" src=\"https:\/\/zenimaquinas.com\/wp-content\/uploads\/2025\/01\/Captura-de-tela-2025-01-07-190251.jpg\" class=\"attachment-woocommerce_thumbnail size-woocommerce_thumbnail\" alt=\"Empilhadeira Patolada Hangcha El\u00e9trica 1.600 kg\" srcset=\"https:\/\/zenimaquinas.com\/wp-content\/uploads\/2025\/01\/Captura-de-tela-2025-01-07-190251.jpg 437w, https:\/\/zenimaquinas.com\/wp-content\/uploads\/2025\/01\/Captura-de-tela-2025-01-07-190251-287x300.jpg 287w, https:\/\/zenimaquinas.com\/wp-content\/uploads\/2025\/01\/Captura-de-tela-2025-01-07-190251-67x70.jpg 67w\" sizes=\"(max-width: 437px) 100vw, 437px\" \/><\/a><\/div><div class=\"product-details-wrapper\">\r\n              <h2 class=\"woocommerce-loop-product__title\">\r\n                <a href=\"https:\/\/zenimaquinas.com\/index.php\/produto\/empilhadeira-patolada-hangcha-eletrica-1-600-kg\/\">Empilhadeira Patolada Hangcha El\u00e9trica 1.600 kg <\/a>\r\n              <\/h2>\r\n\r\n<div class=\"pricing-location\">    \r\n\t<\/div>\r\n\r\n\r\n<div class=\"description\">\r\n    <\/div>\r\n<a href=\"https:\/\/zenimaquinas.com\/index.php\/produto\/empilhadeira-patolada-hangcha-eletrica-1-600-kg\/\"  data-quantity=\"1\" class=\"button product_type_simple\" data-product_id=\"5891\" data-product_sku=\"\" aria-label=\"Leia mais sobre &ldquo;Empilhadeira Patolada Hangcha El\u00e9trica 1.600 kg&rdquo;\" rel=\"nofollow\">Leia mais<\/a><\/div><\/li>\n<li class=\"product type-product post-5869 status-publish instock product_cat-compras product_cat-locacao product_cat-vendas has-post-thumbnail shipping-taxable product-type-simple wd-wc-style-1\">\n\t<div class='product-image-wrapper'><a href=\"https:\/\/zenimaquinas.com\/index.php\/produto\/lavadora-de-piso-brava\/\"><img loading=\"lazy\" decoding=\"async\" width=\"700\" height=\"700\" src=\"https:\/\/zenimaquinas.com\/wp-content\/uploads\/2024\/12\/2280918_lavadora-brava-alfa-tennant-700x700.jpg\" class=\"attachment-woocommerce_thumbnail size-woocommerce_thumbnail\" alt=\"Lavadora de Piso Brava\" srcset=\"https:\/\/zenimaquinas.com\/wp-content\/uploads\/2024\/12\/2280918_lavadora-brava-alfa-tennant-700x700.jpg 700w, https:\/\/zenimaquinas.com\/wp-content\/uploads\/2024\/12\/2280918_lavadora-brava-alfa-tennant-150x150.jpg 150w, https:\/\/zenimaquinas.com\/wp-content\/uploads\/2024\/12\/2280918_lavadora-brava-alfa-tennant-194x194.jpg 194w, https:\/\/zenimaquinas.com\/wp-content\/uploads\/2024\/12\/2280918_lavadora-brava-alfa-tennant-200x200.jpg 200w\" sizes=\"(max-width: 700px) 100vw, 700px\" \/><\/a><\/div><div class=\"product-details-wrapper\">\r\n              <h2 class=\"woocommerce-loop-product__title\">\r\n                <a href=\"https:\/\/zenimaquinas.com\/index.php\/produto\/lavadora-de-piso-brava\/\">Lavadora de Piso Brava <\/a>\r\n              <\/h2>\r\n\r\n<div class=\"pricing-location\">    \r\n\t<\/div>\r\n\r\n\r\n<div class=\"description\">\r\n    <\/div>\r\n<a href=\"https:\/\/zenimaquinas.com\/index.php\/produto\/lavadora-de-piso-brava\/\"  data-quantity=\"1\" class=\"button product_type_simple\" data-product_id=\"5869\" data-product_sku=\"\" aria-label=\"Leia mais sobre &ldquo;Lavadora de Piso Brava&rdquo;\" rel=\"nofollow\">Leia mais<\/a><\/div><\/li>\n<li class=\"product type-product post-5883 status-publish last instock product_cat-locacao product_cat-vendas has-post-thumbnail shipping-taxable product-type-simple wd-wc-style-1\">\n\t<div class='product-image-wrapper'><a href=\"https:\/\/zenimaquinas.com\/index.php\/produto\/trator-yanmar-1155\/\"><img loading=\"lazy\" decoding=\"async\" width=\"396\" height=\"315\" src=\"https:\/\/zenimaquinas.com\/wp-content\/uploads\/2025\/01\/Captura-de-tela-2025-01-07-190436.jpg\" class=\"attachment-woocommerce_thumbnail size-woocommerce_thumbnail\" alt=\"Trator Yanmar 1155\" srcset=\"https:\/\/zenimaquinas.com\/wp-content\/uploads\/2025\/01\/Captura-de-tela-2025-01-07-190436.jpg 396w, https:\/\/zenimaquinas.com\/wp-content\/uploads\/2025\/01\/Captura-de-tela-2025-01-07-190436-300x239.jpg 300w\" sizes=\"(max-width: 396px) 100vw, 396px\" \/><\/a><\/div><div class=\"product-details-wrapper\">\r\n              <h2 class=\"woocommerce-loop-product__title\">\r\n                <a href=\"https:\/\/zenimaquinas.com\/index.php\/produto\/trator-yanmar-1155\/\">Trator Yanmar 1155 <\/a>\r\n              <\/h2>\r\n\r\n<div class=\"pricing-location\">    \r\n\t<\/div>\r\n\r\n\r\n<div class=\"description\">\r\n    <\/div>\r\n<a href=\"https:\/\/zenimaquinas.com\/index.php\/produto\/trator-yanmar-1155\/\"  data-quantity=\"1\" class=\"button product_type_simple\" data-product_id=\"5883\" data-product_sku=\"\" aria-label=\"Leia mais sobre &ldquo;Trator Yanmar 1155&rdquo;\" rel=\"nofollow\">Leia mais<\/a><\/div><\/li>\n<li class=\"product type-product post-5940 status-publish first instock product_cat-compras product_cat-venda-de-tratores has-post-thumbnail shipping-taxable product-type-simple wd-wc-style-1\">\n\t<div class='product-image-wrapper'><a href=\"https:\/\/zenimaquinas.com\/index.php\/produto\/trator-yanmar-agritech-1145\/\"><img loading=\"lazy\" decoding=\"async\" width=\"393\" height=\"323\" src=\"https:\/\/zenimaquinas.com\/wp-content\/uploads\/2025\/02\/Captura-de-tela-2025-02-04-172017.jpg\" class=\"attachment-woocommerce_thumbnail size-woocommerce_thumbnail\" alt=\"Trator Yanmar Agritech 1145\" srcset=\"https:\/\/zenimaquinas.com\/wp-content\/uploads\/2025\/02\/Captura-de-tela-2025-02-04-172017.jpg 393w, https:\/\/zenimaquinas.com\/wp-content\/uploads\/2025\/02\/Captura-de-tela-2025-02-04-172017-300x247.jpg 300w\" sizes=\"(max-width: 393px) 100vw, 393px\" \/><\/a><\/div><div class=\"product-details-wrapper\">\r\n              <h2 class=\"woocommerce-loop-product__title\">\r\n                <a href=\"https:\/\/zenimaquinas.com\/index.php\/produto\/trator-yanmar-agritech-1145\/\">Trator Yanmar Agritech 1145 <\/a>\r\n              <\/h2>\r\n\r\n<div class=\"pricing-location\">    \r\n\t<\/div>\r\n\r\n\r\n<div class=\"description\">\r\n    <\/div>\r\n<a href=\"https:\/\/zenimaquinas.com\/index.php\/produto\/trator-yanmar-agritech-1145\/\"  data-quantity=\"1\" class=\"button product_type_simple\" data-product_id=\"5940\" data-product_sku=\"\" aria-label=\"Leia mais sobre &ldquo;Trator Yanmar Agritech 1145&rdquo;\" rel=\"nofollow\">Leia mais<\/a><\/div><\/li>\n<\/ul>\n<\/div><div class='wd_empty_space' data-heightmobile='50' data-heighttablet='50' data-heightdesktop='120'\r\n \t\t\t\t\t\tstyle='height:120px' ><\/div><div class=\"wd-heading text-left  \" style=\"max-width: 100%\" >\r\n\t\r\n\t\t\r\n\t\t<h2 style=\"margin:0;\" class=\"title_a\" data-text=\"vantageNS e privil\u00e9gios\">\r\n\t\tbenef\u00edcios\t\t<\/h2>\r\n\r\n\t\t\t\t\t\t\t<p style=\"\" class=\"sub_title_a\">\r\n\t\t\tvantageNS e privil\u00e9gios\t\t\t<\/p>\r\n\t\t\t\t<hr class='hr_a' style=' margin: 10px;'\/>\r\n\t\t<\/div>\r\n\t<div class='wd_empty_space' data-heightmobile='40' data-heighttablet='60' data-heightdesktop='60'\r\n\t\tstyle='height:60px' ><\/div>\r\n\t<div class=\" small-shadow text-icon text-icon--icon-left_position boxes  clearfix\" data-split-options='{\"type\":\"lines\"}' data-split-text='true'data-split-target='.animation_target' >\r\n\t\t<div class=\"text-icon__container   \">\r\n\t\t\r\n\t\t\t\t\t\t\t\t\t<div class=\"text-icon__icon-box animation_target\">\r\n\t\t\t\t\t\t\t\t\t\t\t\t<i class=\"fa fas fa-hourglass-start\" style=\"color: #ff0000\"><\/i>\t\t\t\t\t<\/div>\r\n\t\t\t\t\t<div class=\"text-icon__content-box\"  >\r\n\t\t\t\t\t\t<h4 class=\"text-icon__title animation_target\">\r\n\t\t\t\t\t\t\tREDU\u00c7\u00c3O DE TEMPO DE INATIVIDADE\t\t\t\t\t\t<\/h4>\r\n\t\t\t\t\t\t<p class=\"text-icon__text  animation_target\">\r\n\t\t\t\t\t\t\t\tEquipamentos bem mantidos s\u00e3o essenciais para evitar paradas inesperadas. Com nossa loca\u00e7\u00e3o, voc\u00ea tem a garantia de que qualquer problema ser\u00e1 resolvido rapidamente, minimizando o tempo de inatividade e mantendo sua opera\u00e7\u00e3o em pleno funcionamento.\t\t\t\t\t\t<\/p>\r\n\t\t\t\t\t\t\t\t\t\t\t<\/div>\t\t\t\t\r\n\t\t\t\t\t\t<\/div>\r\n\t<\/div>\r\n\r\n\t\r\n\t<div class=\" small-shadow text-icon text-icon--icon-left_position boxes  clearfix\"  >\r\n\t\t<div class=\"text-icon__container   \">\r\n\t\t\r\n\t\t\t\t\t\t\t\t\t<div class=\"text-icon__icon-box \">\r\n\t\t\t\t\t\t\t\t\t\t\t\t<i class=\"fa fas fa-check-circle\" style=\"color: #ff0000\"><\/i>\t\t\t\t\t<\/div>\r\n\t\t\t\t\t<div class=\"text-icon__content-box\"  >\r\n\t\t\t\t\t\t<h4 class=\"text-icon__title \">\r\n\t\t\t\t\t\t\tESCALABILIDADE\t\t\t\t\t\t<\/h4>\r\n\t\t\t\t\t\t<p class=\"text-icon__text  \">\r\n\t\t\t\t\t\t\t\tA loca\u00e7\u00e3o permite que voc\u00ea ajuste rapidamente a quantidade e o tipo de equipamentos conforme a demanda do seu neg\u00f3cio. Seja para um aumento sazonal na produ\u00e7\u00e3o ou para um projeto espec\u00edfico, voc\u00ea pode expandir ou reduzir seu parque de m\u00e1quinas sem complica\u00e7\u00f5es.\t\t\t\t\t\t<\/p>\r\n\t\t\t\t\t\t\t\t\t\t\t<\/div>\t\t\t\t\r\n\t\t\t\t\t\t<\/div>\r\n\t<\/div>\r\n\r\n\t\r\n\t<div class=\" small-shadow text-icon text-icon--icon-left_position boxes  clearfix\"  >\r\n\t\t<div class=\"text-icon__container   \">\r\n\t\t\r\n\t\t\t\t\t\t\t\t\t<div class=\"text-icon__icon-box \">\r\n\t\t\t\t\t\t\t\t\t\t\t\t<i class=\"fa fas fa-users-cog\" style=\"color: #ff0000\"><\/i>\t\t\t\t\t<\/div>\r\n\t\t\t\t\t<div class=\"text-icon__content-box\"  >\r\n\t\t\t\t\t\t<h4 class=\"text-icon__title \">\r\n\t\t\t\t\t\t\tSUPORTE T\u00c9CNICO ESPECIALIZADO\t\t\t\t\t\t<\/h4>\r\n\t\t\t\t\t\t<p class=\"text-icon__text  \">\r\n\t\t\t\t\t\t\t\tAo alugar m\u00e1quinas na Zeni, voc\u00ea conta com o suporte t\u00e9cnico especializado de nossa equipe. Estamos sempre dispon\u00edveis para oferecer orienta\u00e7\u00e3o e resolver qualquer problema que possa surgir, garantindo que voc\u00ea tenha o m\u00e1ximo aproveitamento dos equipamentos.\t\t\t\t\t\t<\/p>\r\n\t\t\t\t\t\t\t\t\t\t\t<\/div>\t\t\t\t\r\n\t\t\t\t\t\t<\/div>\r\n\t<\/div>\r\n\r\n\t\r\n\t<div class=\" small-shadow text-icon text-icon--icon-left_position boxes  clearfix\"  >\r\n\t\t<div class=\"text-icon__container   \">\r\n\t\t\r\n\t\t\t\t\t\t\t\t\t<div class=\"text-icon__icon-box \">\r\n\t\t\t\t\t\t\t\t\t\t\t\t<i class=\"fa fas fa-history\" style=\"color: #ff0000\"><\/i>\t\t\t\t\t<\/div>\r\n\t\t\t\t\t<div class=\"text-icon__content-box\"  >\r\n\t\t\t\t\t\t<h4 class=\"text-icon__title \">\r\n\t\t\t\t\t\t\tFLEXIBILIDADE E ATUALIZA\u00c7\u00c3O CONSTANTE\t\t\t\t\t\t<\/h4>\r\n\t\t\t\t\t\t<p class=\"text-icon__text  \">\r\n\t\t\t\t\t\t\t\tAo optar pela loca\u00e7\u00e3o, voc\u00ea tem a flexibilidade de escolher o equipamento certo para cada projeto ou necessidade espec\u00edfica. Al\u00e9m disso, \u00e9 poss\u00edvel atualizar ou trocar os equipamentos conforme novas tecnologias surgem, garantindo que voc\u00ea sempre tenha acesso \u00e0s m\u00e1quinas mais modernas e eficientes.\t\t\t\t\t\t<\/p>\r\n\t\t\t\t\t\t\t\t\t\t\t<\/div>\t\t\t\t\r\n\t\t\t\t\t\t<\/div>\r\n\t<\/div>\r\n\r\n\t\r\n\t<div class=\" small-shadow text-icon text-icon--icon-left_position boxes  clearfix\"  >\r\n\t\t<div class=\"text-icon__container   \">\r\n\t\t\r\n\t\t\t\t\t\t\t\t\t<div class=\"text-icon__icon-box \">\r\n\t\t\t\t\t\t\t\t\t\t\t\t<i class=\"fa fas fa-hand-holding-usd\" style=\"color: #ff0000\"><\/i>\t\t\t\t\t<\/div>\r\n\t\t\t\t\t<div class=\"text-icon__content-box\"  >\r\n\t\t\t\t\t\t<h4 class=\"text-icon__title \">\r\n\t\t\t\t\t\t\tREDU\u00c7\u00c3O DE CUSTOS INICIAIS\t\t\t\t\t\t<\/h4>\r\n\t\t\t\t\t\t<p class=\"text-icon__text  \">\r\n\t\t\t\t\t\t\t\tA aquisi\u00e7\u00e3o de m\u00e1quinas industriais requer um investimento inicial significativo. Com a loca\u00e7\u00e3o, voc\u00ea elimina a necessidade de desembolsar uma grande quantia de capital de uma s\u00f3 vez, permitindo que seu or\u00e7amento seja alocado para outras \u00e1reas cr\u00edticas do seu neg\u00f3cio.\t\t\t\t\t\t<\/p>\r\n\t\t\t\t\t\t\t\t\t\t\t<\/div>\t\t\t\t\r\n\t\t\t\t\t\t<\/div>\r\n\t<\/div>\r\n\r\n\t\r\n\t<div class=\" small-shadow text-icon text-icon--icon-left_position boxes  clearfix\"  >\r\n\t\t<div class=\"text-icon__container   \">\r\n\t\t\r\n\t\t\t\t\t\t\t\t\t<div class=\"text-icon__icon-box \">\r\n\t\t\t\t\t\t\t\t\t\t\t\t<i class=\"fa fas fa-wrench\" style=\"color: #ff0000\"><\/i>\t\t\t\t\t<\/div>\r\n\t\t\t\t\t<div class=\"text-icon__content-box\"  >\r\n\t\t\t\t\t\t<h4 class=\"text-icon__title \">\r\n\t\t\t\t\t\t\tMANUTEN\u00c7\u00c3O INCLU\u00cdDA\t\t\t\t\t\t<\/h4>\r\n\t\t\t\t\t\t<p class=\"text-icon__text  \">\r\n\t\t\t\t\t\t\t\tNa Zeni, a manuten\u00e7\u00e3o preventiva e corretiva est\u00e1 inclusa no servi\u00e7o de loca\u00e7\u00e3o. Isso significa que voc\u00ea n\u00e3o precisa se preocupar com custos adicionais de reparos ou manuten\u00e7\u00e3o, j\u00e1 que nossa equipe especializada cuidar\u00e1 de tudo para garantir que suas m\u00e1quinas estejam sempre em perfeito estado de funcionamento.\t\t\t\t\t\t<\/p>\r\n\t\t\t\t\t\t\t\t\t\t\t<\/div>\t\t\t\t\r\n\t\t\t\t\t\t<\/div>\r\n\t<\/div>\r\n\r\n\t\r\n\t<div class=\" small-shadow text-icon text-icon--icon-left_position boxes  clearfix\"  >\r\n\t\t<div class=\"text-icon__container   \">\r\n\t\t\r\n\t\t\t\t\t\t\t\t\t<div class=\"text-icon__icon-box \">\r\n\t\t\t\t\t\t\t\t\t\t\t\t<i class=\"fa fas fa-plus\" style=\"color: #ff0000\"><\/i>\t\t\t\t\t<\/div>\r\n\t\t\t\t\t<div class=\"text-icon__content-box\"  >\r\n\t\t\t\t\t\t<h4 class=\"text-icon__title \">\r\n\t\t\t\t\t\t\tMELHORIA NA GEST\u00c3O DE ATIVOS\t\t\t\t\t\t<\/h4>\r\n\t\t\t\t\t\t<p class=\"text-icon__text  \">\r\n\t\t\t\t\t\t\t\tAo locar m\u00e1quinas, voc\u00ea simplifica a gest\u00e3o de ativos da sua empresa. N\u00e3o \u00e9 necess\u00e1rio se preocupar com deprecia\u00e7\u00e3o, armazenamento ou revenda de equipamentos obsoletos. Tudo isso \u00e9 administrado por n\u00f3s, permitindo que voc\u00ea se concentre no que realmente importa: a sua produ\u00e7\u00e3o.\t\t\t\t\t\t<\/p>\r\n\t\t\t\t\t\t\t\t\t\t\t<\/div>\t\t\t\t\r\n\t\t\t\t\t\t<\/div>\r\n\t<\/div>\r\n\r\n\t\r\n\t<div class=\" small-shadow text-icon text-icon--icon-left_position boxes  clearfix\"  >\r\n\t\t<div class=\"text-icon__container   \">\r\n\t\t\r\n\t\t\t\t\t\t\t\t\t<div class=\"text-icon__icon-box \">\r\n\t\t\t\t\t\t\t\t\t\t\t\t<i class=\"fa fas fa-chart-line\" style=\"color: #ff0000\"><\/i>\t\t\t\t\t<\/div>\r\n\t\t\t\t\t<div class=\"text-icon__content-box\"  >\r\n\t\t\t\t\t\t<h4 class=\"text-icon__title \">\r\n\t\t\t\t\t\t\tBENEF\u00cdCIOS FISCAIS\t\t\t\t\t\t<\/h4>\r\n\t\t\t\t\t\t<p class=\"text-icon__text  \">\r\n\t\t\t\t\t\t\t\tEm muitos casos, os custos de loca\u00e7\u00e3o podem ser deduzidos como despesas operacionais, proporcionando benef\u00edcios fiscais significativos para sua empresa. Isso pode resultar em uma gest\u00e3o financeira mais eficiente e econ\u00f4mica.\t\t\t\t\t\t<\/p>\r\n\t\t\t\t\t\t\t\t\t\t\t<\/div>\t\t\t\t\r\n\t\t\t\t\t\t<\/div>\r\n\t<\/div>\n","protected":false},"excerpt":{"rendered":"<p>Optar pela loca\u00e7\u00e3o de m\u00e1quinas industriais traz uma s\u00e9rie de benef\u00edcios que podem transformar a efici\u00eancia e a produtividade do seu neg\u00f3cio. Na Zeni, oferecemos um servi\u00e7o completo de loca\u00e7\u00e3o que garante a voc\u00ea acesso aos melhores equipamentos do mercado, al\u00e9m de uma s\u00e9rie de vantagens que fazem toda a diferen\u00e7a. Escolha seu produto:<\/p>\n","protected":false},"author":1,"featured_media":0,"parent":0,"menu_order":0,"comment_status":"closed","ping_status":"closed","template":"","meta":{"inline_featured_image":false,"footnotes":""},"class_list":["post-132","page","type-page","status-publish","hentry"],"jetpack_sharing_enabled":true,"_links":{"self":[{"href":"https:\/\/zenimaquinas.com\/index.php\/wp-json\/wp\/v2\/pages\/132","targetHints":{"allow":["GET"]}}],"collection":[{"href":"https:\/\/zenimaquinas.com\/index.php\/wp-json\/wp\/v2\/pages"}],"about":[{"href":"https:\/\/zenimaquinas.com\/index.php\/wp-json\/wp\/v2\/types\/page"}],"author":[{"embeddable":true,"href":"https:\/\/zenimaquinas.com\/index.php\/wp-json\/wp\/v2\/users\/1"}],"replies":[{"embeddable":true,"href":"https:\/\/zenimaquinas.com\/index.php\/wp-json\/wp\/v2\/comments?post=132"}],"version-history":[{"count":11,"href":"https:\/\/zenimaquinas.com\/index.php\/wp-json\/wp\/v2\/pages\/132\/revisions"}],"predecessor-version":[{"id":5954,"href":"https:\/\/zenimaquinas.com\/index.php\/wp-json\/wp\/v2\/pages\/132\/revisions\/5954"}],"wp:attachment":[{"href":"https:\/\/zenimaquinas.com\/index.php\/wp-json\/wp\/v2\/media?parent=132"}],"curies":[{"name":"wp","href":"https:\/\/api.w.org\/{rel}","templated":true}]}}