{"id":3767,"date":"2019-07-01T16:12:01","date_gmt":"2019-07-01T16:12:01","guid":{"rendered":"http:\/\/themes.webdevia.com\/backhoe-heavy-construction-equipment-rentals-machinery-wordpress-theme\/?page_id=3767"},"modified":"2025-01-16T17:15:23","modified_gmt":"2025-01-16T20:15:23","slug":"contact-us-2","status":"publish","type":"page","link":"https:\/\/zenimaquinas.com\/index.php\/contact-us-2\/","title":{"rendered":"SUPORTE AO CLIENTE"},"content":{"rendered":"<div class='wd_empty_space' data-heightmobile='20' data-heighttablet='30' data-heightdesktop='60'\r\n \t\t\t\t\t\tstyle='height:60px' ><\/div><div class=\"wd-heading text-left  \" style=\"max-width: 100%\" >\r\n\t\r\n\t\t\r\n\t\t<h4 style=\"margin:0;\" class=\"title_a\" data-text=\"SUPORTE\">\r\n\t\tContate-nos!\t\t<\/h4>\r\n\r\n\t\t\t\t\t\t\t<p style=\"\" class=\"sub_title_a\">\r\n\t\t\tSUPORTE\t\t\t<\/p>\r\n\t\t\t\t<hr class='hr_a' style=' margin: 10px;'\/>\r\n\t\t<\/div>\r\n\t<div class='wd_empty_space' data-heightmobile='20' data-heighttablet='20' data-heightdesktop='20'\r\n\t\tstyle='height:20px' ><\/div>\n<div class=\"flex flex-grow flex-col max-w-full\">\n<div class=\"min-h- text-message flex flex-col items-start whitespace-pre-wrap break-words :mt-5 juice:w-full juice:items-end overflow-x-auto gap-2\" dir=\"auto\" data-message-author-role=\"assistant\" data-message-id=\"8149027b-6f4b-419d-8988-69f14f72565b\">\n<div class=\"flex w-full flex-col gap-1 juice:empty:hidden juice:first:pt-\">\n<div class=\"markdown prose w-full break-words dark:prose-invert light\">\n<p>Ficaremos felizes em atender voc\u00ea, ent\u00e3o, por favor, sinta-se \u00e0 vontade para nos contatar usando os detalhes abaixo.<\/p>\n<\/div>\n<\/div>\n<\/div>\n<\/div>\n<div class=\"mt-1 flex gap-3 empty:hidden juice:-ml-3\">\n<div class=\"items-center justify-start rounded-xl p-1 flex\">\n<div class=\"flex items-center\">\n<p><button class=\"rounded-lg text-token-text-secondary hover:bg-token-main-surface-secondary\"><\/button><button class=\"rounded-lg text-token-text-secondary hover:bg-token-main-surface-secondary\"><\/button><\/p>\n<div class=\"flex\"><\/div>\n<div class=\"flex items-center pb-0.5 juice:pb-0\">\n<div class=\":h-full :w-full icon-md h-4 w-4\"><\/div>\n<\/div>\n<\/div>\n<\/div>\n<\/div>\n<div class=\" text-icon text-icon--icon-left_position boxes  clearfix\"  >\r\n\t\t<div class=\"text-icon__container   \">\r\n\t\t\r\n\t\t\t\t\t\t\t\t\t<div class=\"text-icon__icon-box \">\r\n\t\t\t\t\t\t\t\t\t\t\t\t\t\t<img decoding=\"async\"  src=\"https:\/\/zenimaquinas.com\/wp-content\/uploads\/2024\/08\/Group-925.png\" alt='icon' \/>\r\n\t\t\t\t\t\t\t\t\t\t\t<\/div>\r\n\t\t\t\t\t<div class=\"text-icon__content-box\"  >\r\n\t\t\t\t\t\t<h4 class=\"text-icon__title \">\r\n\t\t\t\t\t\t\tE-MAIL\t\t\t\t\t\t<\/h4>\r\n\t\t\t\t\t\t<p class=\"text-icon__text  \">\r\n\t\t\t\t\t\t\t\tzenimecanica@hotmail.com\t\t\t\t\t\t<\/p>\r\n\t\t\t\t\t\t\t\t\t\t\t<\/div>\t\t\t\t\r\n\t\t\t\t\t\t<\/div>\r\n\t<\/div>\r\n\r\n\t\r\n\t<div class=\" text-icon text-icon--icon-left_position boxes  clearfix\"  >\r\n\t\t<div class=\"text-icon__container   \">\r\n\t\t\r\n\t\t\t\t\t\t\t\t\t<div class=\"text-icon__icon-box \">\r\n\t\t\t\t\t\t\t\t\t\t\t\t\t\t<img decoding=\"async\"  src=\"https:\/\/zenimaquinas.com\/wp-content\/uploads\/2024\/08\/Group-926.png\" alt='icon' \/>\r\n\t\t\t\t\t\t\t\t\t\t\t<\/div>\r\n\t\t\t\t\t<div class=\"text-icon__content-box\"  >\r\n\t\t\t\t\t\t<h4 class=\"text-icon__title \">\r\n\t\t\t\t\t\t\tCELULAR\/WHATSAPP\t\t\t\t\t\t<\/h4>\r\n\t\t\t\t\t\t<p class=\"text-icon__text  \">\r\n\t\t\t\t\t\t\t\t(54) 3224 8026\t\t\t\t\t\t<\/p>\r\n\t\t\t\t\t\t\t\t\t\t\t<\/div>\t\t\t\t\r\n\t\t\t\t\t\t<\/div>\r\n\t<\/div>\r\n\r\n\t\r\n\t<div class=\" text-icon text-icon--icon-left_position boxes  clearfix\"  >\r\n\t\t<div class=\"text-icon__container   \">\r\n\t\t\r\n\t\t\t\t\t\t\t\t\t<div class=\"text-icon__icon-box \">\r\n\t\t\t\t\t\t\t\t\t\t\t\t\t\t<img decoding=\"async\"  src=\"https:\/\/zenimaquinas.com\/wp-content\/uploads\/2024\/08\/localizacao-2.png\" alt='icon' \/>\r\n\t\t\t\t\t\t\t\t\t\t\t<\/div>\r\n\t\t\t\t\t<div class=\"text-icon__content-box\"  >\r\n\t\t\t\t\t\t<h4 class=\"text-icon__title \">\r\n\t\t\t\t\t\t\tENDERE\u00c7O\t\t\t\t\t\t<\/h4>\r\n\t\t\t\t\t\t<p class=\"text-icon__text  \">\r\n\t\t\t\t\t\t\t\tRS 122, KM01, N\u00ba 8761, Pioneiro, Caxias do Sul \u2013 RS,\t\t\t\t\t\t<\/p>\r\n\t\t\t\t\t\t\t\t\t\t\t<\/div>\t\t\t\t\r\n\t\t\t\t\t\t<\/div>\r\n\t<\/div>\r\n\r\n\t\n<div class=\"wpcf7 no-js\" id=\"wpcf7-f5264-o1\" lang=\"en-US\" dir=\"ltr\" data-wpcf7-id=\"5264\">\n<div class=\"screen-reader-response\"><p role=\"status\" aria-live=\"polite\" aria-atomic=\"true\"><\/p> <ul><\/ul><\/div>\n<form action=\"\/index.php\/wp-json\/wp\/v2\/pages\/3767#wpcf7-f5264-o1\" method=\"post\" class=\"wpcf7-form init\" aria-label=\"Contact form\" novalidate=\"novalidate\" data-status=\"init\">\n<div style=\"display: none;\">\n<input type=\"hidden\" name=\"_wpcf7\" value=\"5264\" \/>\n<input type=\"hidden\" name=\"_wpcf7_version\" value=\"6.0.3\" \/>\n<input type=\"hidden\" name=\"_wpcf7_locale\" value=\"en_US\" \/>\n<input type=\"hidden\" name=\"_wpcf7_unit_tag\" value=\"wpcf7-f5264-o1\" \/>\n<input type=\"hidden\" name=\"_wpcf7_container_post\" value=\"0\" \/>\n<input type=\"hidden\" name=\"_wpcf7_posted_data_hash\" value=\"\" \/>\n<\/div>\n<div class=\"contact_style_3\">\n\t<div class=\"large-12 small-12 columns\">\n\t\t<p><span class=\"wpcf7-form-control-wrap\" data-name=\"your-email\"><input size=\"40\" maxlength=\"400\" class=\"wpcf7-form-control wpcf7-email wpcf7-text wpcf7-validates-as-email\" aria-invalid=\"false\" placeholder=\"Seu e-mail\" value=\"\" type=\"email\" name=\"your-email\" \/><\/span>\n\t\t<\/p>\n\t<\/div>\n\t<div class=\"large-6 small-12 columns\">\n\t\t<p><span class=\"wpcf7-form-control-wrap\" data-name=\"your-name\"><input size=\"40\" maxlength=\"400\" class=\"wpcf7-form-control wpcf7-text\" aria-invalid=\"false\" placeholder=\"Seu nome\" value=\"\" type=\"text\" name=\"your-name\" \/><\/span>\n\t\t<\/p>\n\t<\/div>\n\t<div class=\"large-6 small-12 columns\">\n\t\t<p><span class=\"wpcf7-form-control-wrap\" data-name=\"your-phone\"><input size=\"40\" maxlength=\"400\" class=\"wpcf7-form-control wpcf7-text\" aria-invalid=\"false\" placeholder=\"Celular\" value=\"\" type=\"text\" name=\"your-phone\" \/><\/span>\n\t\t<\/p>\n\t<\/div>\n\t<div class=\"large-12 small-12 columns\">\n\t\t<p><span class=\"wpcf7-form-control-wrap\" data-name=\"your-message\"><textarea cols=\"40\" rows=\"10\" maxlength=\"2000\" class=\"wpcf7-form-control wpcf7-textarea\" aria-invalid=\"false\" placeholder=\"Deixe sua mensagem\" name=\"your-message\"><\/textarea><\/span><br \/>\n<span class=\"wd-btn btn-solid btn-color-1 hover-color-1 btn-medium btn-round  icon-after\"><input class=\"wpcf7-form-control wpcf7-submit has-spinner\" type=\"submit\" value=\"Enviar\" \/><\/span>\n\t\t<\/p>\n\t<\/div>\n<\/div><div class=\"wpcf7-response-output\" aria-hidden=\"true\"><\/div>\n<\/form>\n<\/div>\n","protected":false},"excerpt":{"rendered":"<p>Ficaremos felizes em atender voc\u00ea, ent\u00e3o, por favor, sinta-se \u00e0 vontade para nos contatar usando os detalhes abaixo.<\/p>\n","protected":false},"author":1,"featured_media":0,"parent":0,"menu_order":0,"comment_status":"closed","ping_status":"closed","template":"","meta":{"inline_featured_image":false,"footnotes":""},"class_list":["post-3767","page","type-page","status-publish","hentry"],"jetpack_sharing_enabled":true,"_links":{"self":[{"href":"https:\/\/zenimaquinas.com\/index.php\/wp-json\/wp\/v2\/pages\/3767","targetHints":{"allow":["GET"]}}],"collection":[{"href":"https:\/\/zenimaquinas.com\/index.php\/wp-json\/wp\/v2\/pages"}],"about":[{"href":"https:\/\/zenimaquinas.com\/index.php\/wp-json\/wp\/v2\/types\/page"}],"author":[{"embeddable":true,"href":"https:\/\/zenimaquinas.com\/index.php\/wp-json\/wp\/v2\/users\/1"}],"replies":[{"embeddable":true,"href":"https:\/\/zenimaquinas.com\/index.php\/wp-json\/wp\/v2\/comments?post=3767"}],"version-history":[{"count":17,"href":"https:\/\/zenimaquinas.com\/index.php\/wp-json\/wp\/v2\/pages\/3767\/revisions"}],"predecessor-version":[{"id":5899,"href":"https:\/\/zenimaquinas.com\/index.php\/wp-json\/wp\/v2\/pages\/3767\/revisions\/5899"}],"wp:attachment":[{"href":"https:\/\/zenimaquinas.com\/index.php\/wp-json\/wp\/v2\/media?parent=3767"}],"curies":[{"name":"wp","href":"https:\/\/api.w.org\/{rel}","templated":true}]}}