{"id":5804,"date":"2024-08-07T15:43:41","date_gmt":"2024-08-07T18:43:41","guid":{"rendered":"https:\/\/zenimaquinas.com\/?page_id=5804"},"modified":"2024-11-13T19:26:33","modified_gmt":"2024-11-13T22:26:33","slug":"compra","status":"publish","type":"page","link":"https:\/\/zenimaquinas.com\/index.php\/compra\/","title":{"rendered":"COMPRE CONOSCO"},"content":{"rendered":"<div class='wd_empty_space' data-heightmobile='50' data-heighttablet='50' data-heightdesktop='100'\r\n \t\t\t\t\t\tstyle='height:100px' ><\/div><div class=\"wd-heading text-left  \" style=\"max-width: 100%\" >\r\n\t\r\n\t\t\r\n\t\t<h2 style=\"margin:0;\" class=\"title_a\" data-text=\"compre\">\r\n\t\tM\u00c1QUINAS INDUSTRIAIS\t\t<\/h2>\r\n\r\n\t\t\t\t\t\t\t<p style=\"\" class=\"sub_title_a\">\r\n\t\t\tcompre\t\t\t<\/p>\r\n\t\t\t\t<hr class='hr_a' style=' margin: 10px;'\/>\r\n\t\t<\/div>\r\n\t<div class='wd_empty_space' data-heightmobile='20' data-heighttablet='20' data-heightdesktop='50'\r\n\t\tstyle='height:50px' ><\/div>Na Zeni, oferecemos uma linha completa de equipamentos novos para impulsionar a efici\u00eancia e a produtividade das suas opera\u00e7\u00f5es. Com op\u00e7\u00f5es de alta qualidade e desempenho, garantimos que voc\u00ea ter\u00e1 as melhores solu\u00e7\u00f5es para renovar sua frota e manter sua empresa sempre atualizada com as inova\u00e7\u00f5es do setor.<br \/>\nAl\u00e9m de tratores, empilhadeiras e implementos agr\u00edcolas, oferecemos uma variedade de m\u00e1quinas industriais prontas para atender \u00e0s demandas de qualquer opera\u00e7\u00e3o.<\/p>\n<p>Nossos principais produtos s\u00e3o:<\/p>\n<ul>\n<li><strong>Empilhadeiras<\/strong>: Equipamentos modernos e vers\u00e1teis para movimenta\u00e7\u00e3o de cargas, dispon\u00edveis em diferentes capacidades e modelos para atender \u00e0s suas necessidades espec\u00edficas.<\/li>\n<li><strong>Tratores<\/strong>: M\u00e1quinas potentes e confi\u00e1veis, ideais para uma variedade de aplica\u00e7\u00f5es industriais e agr\u00edcolas.<\/li>\n<li><strong>Rebocadores<\/strong>: Equipamentos eficientes para o transporte interno de cargas, garantindo agilidade e seguran\u00e7a em suas opera\u00e7\u00f5es.<\/li>\n<li><strong>Lavadoras de piso<\/strong>: Equipamentos que far\u00e3o com que a limpeza industrial seja muito mais eficiente.<\/li>\n<\/ul>\n<p>Entre em contato e descubra como podemos ajudar a transformar seu neg\u00f3cio com equipamentos novos e de \u00faltima gera\u00e7\u00e3o!<div class=\"woocommerce columns-3 \"><ul class=\"products columns-3 grid\">\r\n<li class=\"product type-product post-5890 status-publish first instock product_cat-compras has-post-thumbnail shipping-taxable product-type-simple wd-wc-style-1\">\n\t<div class='product-image-wrapper'><a href=\"https:\/\/zenimaquinas.com\/index.php\/produto\/empilhadeira-eletrica-35t-hangcha-bateria-litio\/\"><img fetchpriority=\"high\" decoding=\"async\" width=\"361\" height=\"325\" src=\"https:\/\/zenimaquinas.com\/wp-content\/uploads\/2025\/01\/Captura-de-tela-2025-01-07-190305.jpg\" class=\"attachment-woocommerce_thumbnail size-woocommerce_thumbnail\" alt=\"Empilhadeira El\u00e9trica 3,5T Hangcha Bateria L\u00edtio\" srcset=\"https:\/\/zenimaquinas.com\/wp-content\/uploads\/2025\/01\/Captura-de-tela-2025-01-07-190305.jpg 361w, https:\/\/zenimaquinas.com\/wp-content\/uploads\/2025\/01\/Captura-de-tela-2025-01-07-190305-300x270.jpg 300w\" sizes=\"(max-width: 361px) 100vw, 361px\" \/><\/a><\/div><div class=\"product-details-wrapper\">\r\n              <h2 class=\"woocommerce-loop-product__title\">\r\n                <a href=\"https:\/\/zenimaquinas.com\/index.php\/produto\/empilhadeira-eletrica-35t-hangcha-bateria-litio\/\">Empilhadeira El\u00e9trica 3,5T Hangcha Bateria L\u00edtio <\/a>\r\n              <\/h2>\r\n\r\n<div class=\"pricing-location\">    \r\n\t<\/div>\r\n\r\n\r\n<div class=\"description\">\r\n    <\/div>\r\n<a href=\"https:\/\/zenimaquinas.com\/index.php\/produto\/empilhadeira-eletrica-35t-hangcha-bateria-litio\/\"  data-quantity=\"1\" class=\"button product_type_simple\" data-product_id=\"5890\" data-product_sku=\"\" aria-label=\"Leia mais sobre &ldquo;Empilhadeira El\u00e9trica 3,5T Hangcha Bateria L\u00edtio&rdquo;\" rel=\"nofollow\">Leia mais<\/a><\/div><\/li>\n<li class=\"product type-product post-5938 status-publish instock product_cat-locacao-de-empilhadeiras product_cat-venda-de-empilhadeiras has-post-thumbnail shipping-taxable product-type-simple wd-wc-style-1\">\n\t<div class='product-image-wrapper'><a href=\"https:\/\/zenimaquinas.com\/index.php\/produto\/empilhadeira-hangcha-diesel-3-toneladas\/\"><img decoding=\"async\" width=\"564\" height=\"660\" src=\"https:\/\/zenimaquinas.com\/wp-content\/uploads\/2025\/02\/Captura-de-tela-2025-02-04-171847.jpg\" class=\"attachment-woocommerce_thumbnail size-woocommerce_thumbnail\" alt=\"Empilhadeira Hangcha Diesel 3 toneladas\" srcset=\"https:\/\/zenimaquinas.com\/wp-content\/uploads\/2025\/02\/Captura-de-tela-2025-02-04-171847.jpg 564w, https:\/\/zenimaquinas.com\/wp-content\/uploads\/2025\/02\/Captura-de-tela-2025-02-04-171847-256x300.jpg 256w\" sizes=\"(max-width: 564px) 100vw, 564px\" \/><\/a><\/div><div class=\"product-details-wrapper\">\r\n              <h2 class=\"woocommerce-loop-product__title\">\r\n                <a href=\"https:\/\/zenimaquinas.com\/index.php\/produto\/empilhadeira-hangcha-diesel-3-toneladas\/\">Empilhadeira Hangcha Diesel 3 toneladas <\/a>\r\n              <\/h2>\r\n\r\n<div class=\"pricing-location\">    \r\n\t<\/div>\r\n\r\n\r\n<div class=\"description\">\r\n    <\/div>\r\n<a href=\"https:\/\/zenimaquinas.com\/index.php\/produto\/empilhadeira-hangcha-diesel-3-toneladas\/\"  data-quantity=\"1\" class=\"button product_type_simple\" data-product_id=\"5938\" data-product_sku=\"\" aria-label=\"Leia mais sobre &ldquo;Empilhadeira Hangcha Diesel 3 toneladas&rdquo;\" rel=\"nofollow\">Leia mais<\/a><\/div><\/li>\n<li class=\"product type-product post-5889 status-publish last instock product_cat-locacao product_cat-vendas has-post-thumbnail shipping-taxable product-type-simple wd-wc-style-1\">\n\t<div class='product-image-wrapper'><a href=\"https:\/\/zenimaquinas.com\/index.php\/produto\/empilhadeira-hangcha-glp-3t\/\"><img decoding=\"async\" width=\"700\" height=\"434\" src=\"https:\/\/zenimaquinas.com\/wp-content\/uploads\/2025\/01\/Imagem2-700x434.png\" class=\"attachment-woocommerce_thumbnail size-woocommerce_thumbnail\" alt=\"Empilhadeira Hangcha GLP 3T\" \/><\/a><\/div><div class=\"product-details-wrapper\">\r\n              <h2 class=\"woocommerce-loop-product__title\">\r\n                <a href=\"https:\/\/zenimaquinas.com\/index.php\/produto\/empilhadeira-hangcha-glp-3t\/\">Empilhadeira Hangcha GLP 3T <\/a>\r\n              <\/h2>\r\n\r\n<div class=\"pricing-location\">    \r\n\t<\/div>\r\n\r\n\r\n<div class=\"description\">\r\n    <\/div>\r\n<a href=\"https:\/\/zenimaquinas.com\/index.php\/produto\/empilhadeira-hangcha-glp-3t\/\"  data-quantity=\"1\" class=\"button product_type_simple\" data-product_id=\"5889\" data-product_sku=\"\" aria-label=\"Leia mais sobre &ldquo;Empilhadeira Hangcha GLP 3T&rdquo;\" rel=\"nofollow\">Leia mais<\/a><\/div><\/li>\n<li class=\"product type-product post-5962 status-publish first instock product_cat-locacao product_cat-vendas has-post-thumbnail shipping-taxable product-type-simple wd-wc-style-1\">\n\t<div class='product-image-wrapper'><a href=\"https:\/\/zenimaquinas.com\/index.php\/produto\/empilhadeira-hangcha-patolada-2t-bateria-de-litio-operador-embarcado\/\"><img loading=\"lazy\" decoding=\"async\" width=\"700\" height=\"700\" src=\"https:\/\/zenimaquinas.com\/wp-content\/uploads\/2025\/05\/Copia-de-Copia-de-Copia-de-Black-Yellow-White-Simple-Minimalist-Marketing-Strategy-Tips-Carousel-Instagram-Post-Post-para-Instagram-45-700x700.png\" class=\"attachment-woocommerce_thumbnail size-woocommerce_thumbnail\" alt=\"Empilhadeira Hangcha Patolada 2t (bateria de l\u00edtio, operador embarcado)\" srcset=\"https:\/\/zenimaquinas.com\/wp-content\/uploads\/2025\/05\/Copia-de-Copia-de-Copia-de-Black-Yellow-White-Simple-Minimalist-Marketing-Strategy-Tips-Carousel-Instagram-Post-Post-para-Instagram-45-700x700.png 700w, https:\/\/zenimaquinas.com\/wp-content\/uploads\/2025\/05\/Copia-de-Copia-de-Copia-de-Black-Yellow-White-Simple-Minimalist-Marketing-Strategy-Tips-Carousel-Instagram-Post-Post-para-Instagram-45-150x150.png 150w, https:\/\/zenimaquinas.com\/wp-content\/uploads\/2025\/05\/Copia-de-Copia-de-Copia-de-Black-Yellow-White-Simple-Minimalist-Marketing-Strategy-Tips-Carousel-Instagram-Post-Post-para-Instagram-45-194x194.png 194w, https:\/\/zenimaquinas.com\/wp-content\/uploads\/2025\/05\/Copia-de-Copia-de-Copia-de-Black-Yellow-White-Simple-Minimalist-Marketing-Strategy-Tips-Carousel-Instagram-Post-Post-para-Instagram-45-200x200.png 200w\" sizes=\"(max-width: 700px) 100vw, 700px\" \/><\/a><\/div><div class=\"product-details-wrapper\">\r\n              <h2 class=\"woocommerce-loop-product__title\">\r\n                <a href=\"https:\/\/zenimaquinas.com\/index.php\/produto\/empilhadeira-hangcha-patolada-2t-bateria-de-litio-operador-embarcado\/\">Empilhadeira Hangcha Patolada 2t (bateria de l\u00edtio, operador embarcado) <\/a>\r\n              <\/h2>\r\n\r\n<div class=\"pricing-location\">    \r\n\t<\/div>\r\n\r\n\r\n<div class=\"description\">\r\n    A empilhadeira Hangcha Patolada com bateria de l\u00edtio \u00e9 a solu\u00e7\u00e3o ideal para opera\u00e7\u00f5es exigentes:\r\nCargas r\u00e1pidas e de oportunidade\r\nSem troca de bateria \u2013 perfeita para turnos m\u00faltiplos\r\nVida \u00fatil longa: +2.000 ciclos com alta capacidade\r\nLivre de manuten\u00e7\u00e3o\r\nTecnologia limpa: sem ru\u00eddos e sem polui\u00e7\u00e3o<\/div>\r\n<a href=\"https:\/\/zenimaquinas.com\/index.php\/produto\/empilhadeira-hangcha-patolada-2t-bateria-de-litio-operador-embarcado\/\"  data-quantity=\"1\" class=\"button product_type_simple\" data-product_id=\"5962\" data-product_sku=\"\" aria-label=\"Leia mais sobre &ldquo;Empilhadeira Hangcha Patolada 2t (bateria de l\u00edtio, operador embarcado)&rdquo;\" rel=\"nofollow\">Leia mais<\/a><\/div><\/li>\n<li class=\"product type-product post-5891 status-publish instock product_cat-locacao product_cat-vendas has-post-thumbnail shipping-taxable product-type-simple wd-wc-style-1\">\n\t<div class='product-image-wrapper'><a href=\"https:\/\/zenimaquinas.com\/index.php\/produto\/empilhadeira-patolada-hangcha-eletrica-1-600-kg\/\"><img loading=\"lazy\" decoding=\"async\" width=\"437\" height=\"457\" src=\"https:\/\/zenimaquinas.com\/wp-content\/uploads\/2025\/01\/Captura-de-tela-2025-01-07-190251.jpg\" class=\"attachment-woocommerce_thumbnail size-woocommerce_thumbnail\" alt=\"Empilhadeira Patolada Hangcha El\u00e9trica 1.600 kg\" srcset=\"https:\/\/zenimaquinas.com\/wp-content\/uploads\/2025\/01\/Captura-de-tela-2025-01-07-190251.jpg 437w, https:\/\/zenimaquinas.com\/wp-content\/uploads\/2025\/01\/Captura-de-tela-2025-01-07-190251-287x300.jpg 287w, https:\/\/zenimaquinas.com\/wp-content\/uploads\/2025\/01\/Captura-de-tela-2025-01-07-190251-67x70.jpg 67w\" sizes=\"(max-width: 437px) 100vw, 437px\" \/><\/a><\/div><div class=\"product-details-wrapper\">\r\n              <h2 class=\"woocommerce-loop-product__title\">\r\n                <a href=\"https:\/\/zenimaquinas.com\/index.php\/produto\/empilhadeira-patolada-hangcha-eletrica-1-600-kg\/\">Empilhadeira Patolada Hangcha El\u00e9trica 1.600 kg <\/a>\r\n              <\/h2>\r\n\r\n<div class=\"pricing-location\">    \r\n\t<\/div>\r\n\r\n\r\n<div class=\"description\">\r\n    <\/div>\r\n<a href=\"https:\/\/zenimaquinas.com\/index.php\/produto\/empilhadeira-patolada-hangcha-eletrica-1-600-kg\/\"  data-quantity=\"1\" class=\"button product_type_simple\" data-product_id=\"5891\" data-product_sku=\"\" aria-label=\"Leia mais sobre &ldquo;Empilhadeira Patolada Hangcha El\u00e9trica 1.600 kg&rdquo;\" rel=\"nofollow\">Leia mais<\/a><\/div><\/li>\n<li class=\"product type-product post-5869 status-publish last instock product_cat-compras product_cat-locacao product_cat-vendas has-post-thumbnail shipping-taxable product-type-simple wd-wc-style-1\">\n\t<div class='product-image-wrapper'><a href=\"https:\/\/zenimaquinas.com\/index.php\/produto\/lavadora-de-piso-brava\/\"><img loading=\"lazy\" decoding=\"async\" width=\"700\" height=\"700\" src=\"https:\/\/zenimaquinas.com\/wp-content\/uploads\/2024\/12\/2280918_lavadora-brava-alfa-tennant-700x700.jpg\" class=\"attachment-woocommerce_thumbnail size-woocommerce_thumbnail\" alt=\"Lavadora de Piso Brava\" srcset=\"https:\/\/zenimaquinas.com\/wp-content\/uploads\/2024\/12\/2280918_lavadora-brava-alfa-tennant-700x700.jpg 700w, https:\/\/zenimaquinas.com\/wp-content\/uploads\/2024\/12\/2280918_lavadora-brava-alfa-tennant-150x150.jpg 150w, https:\/\/zenimaquinas.com\/wp-content\/uploads\/2024\/12\/2280918_lavadora-brava-alfa-tennant-194x194.jpg 194w, https:\/\/zenimaquinas.com\/wp-content\/uploads\/2024\/12\/2280918_lavadora-brava-alfa-tennant-200x200.jpg 200w\" sizes=\"(max-width: 700px) 100vw, 700px\" \/><\/a><\/div><div class=\"product-details-wrapper\">\r\n              <h2 class=\"woocommerce-loop-product__title\">\r\n                <a href=\"https:\/\/zenimaquinas.com\/index.php\/produto\/lavadora-de-piso-brava\/\">Lavadora de Piso Brava <\/a>\r\n              <\/h2>\r\n\r\n<div class=\"pricing-location\">    \r\n\t<\/div>\r\n\r\n\r\n<div class=\"description\">\r\n    <\/div>\r\n<a href=\"https:\/\/zenimaquinas.com\/index.php\/produto\/lavadora-de-piso-brava\/\"  data-quantity=\"1\" class=\"button product_type_simple\" data-product_id=\"5869\" data-product_sku=\"\" aria-label=\"Leia mais sobre &ldquo;Lavadora de Piso Brava&rdquo;\" rel=\"nofollow\">Leia mais<\/a><\/div><\/li>\n<li class=\"product type-product post-5942 status-publish first instock product_cat-pecas product_cat-pneus has-post-thumbnail shipping-taxable product-type-simple wd-wc-style-1\">\n\t<div class='product-image-wrapper'><a href=\"https:\/\/zenimaquinas.com\/index.php\/produto\/pneus-macicos-para-empilhadeiras\/\"><img loading=\"lazy\" decoding=\"async\" width=\"432\" height=\"310\" src=\"https:\/\/zenimaquinas.com\/wp-content\/uploads\/2025\/02\/Captura-de-tela-2025-02-04-172606.jpg\" class=\"attachment-woocommerce_thumbnail size-woocommerce_thumbnail\" alt=\"Pneus Maci\u00e7os Para Empilhadeiras\" srcset=\"https:\/\/zenimaquinas.com\/wp-content\/uploads\/2025\/02\/Captura-de-tela-2025-02-04-172606.jpg 432w, https:\/\/zenimaquinas.com\/wp-content\/uploads\/2025\/02\/Captura-de-tela-2025-02-04-172606-300x215.jpg 300w\" sizes=\"(max-width: 432px) 100vw, 432px\" \/><\/a><\/div><div class=\"product-details-wrapper\">\r\n              <h2 class=\"woocommerce-loop-product__title\">\r\n                <a href=\"https:\/\/zenimaquinas.com\/index.php\/produto\/pneus-macicos-para-empilhadeiras\/\">Pneus Maci\u00e7os Para Empilhadeiras <\/a>\r\n              <\/h2>\r\n\r\n<div class=\"pricing-location\">    \r\n\t<\/div>\r\n\r\n\r\n<div class=\"description\">\r\n    <\/div>\r\n<a href=\"https:\/\/zenimaquinas.com\/index.php\/produto\/pneus-macicos-para-empilhadeiras\/\"  data-quantity=\"1\" class=\"button product_type_simple\" data-product_id=\"5942\" data-product_sku=\"\" aria-label=\"Leia mais sobre &ldquo;Pneus Maci\u00e7os Para Empilhadeiras&rdquo;\" rel=\"nofollow\">Leia mais<\/a><\/div><\/li>\n<li class=\"product type-product post-5947 status-publish instock product_cat-pneus has-post-thumbnail shipping-taxable product-type-simple wd-wc-style-1\">\n\t<div class='product-image-wrapper'><a href=\"https:\/\/zenimaquinas.com\/index.php\/produto\/pneus-para-tratores\/\"><img loading=\"lazy\" decoding=\"async\" width=\"508\" height=\"385\" src=\"https:\/\/zenimaquinas.com\/wp-content\/uploads\/2025\/02\/Captura-de-tela-2025-02-04-172634.jpg\" class=\"attachment-woocommerce_thumbnail size-woocommerce_thumbnail\" alt=\"Pneus para Tratores\" srcset=\"https:\/\/zenimaquinas.com\/wp-content\/uploads\/2025\/02\/Captura-de-tela-2025-02-04-172634.jpg 508w, https:\/\/zenimaquinas.com\/wp-content\/uploads\/2025\/02\/Captura-de-tela-2025-02-04-172634-300x227.jpg 300w\" sizes=\"(max-width: 508px) 100vw, 508px\" \/><\/a><\/div><div class=\"product-details-wrapper\">\r\n              <h2 class=\"woocommerce-loop-product__title\">\r\n                <a href=\"https:\/\/zenimaquinas.com\/index.php\/produto\/pneus-para-tratores\/\">Pneus para Tratores <\/a>\r\n              <\/h2>\r\n\r\n<div class=\"pricing-location\">    \r\n\t<\/div>\r\n\r\n\r\n<div class=\"description\">\r\n    <\/div>\r\n<a href=\"https:\/\/zenimaquinas.com\/index.php\/produto\/pneus-para-tratores\/\"  data-quantity=\"1\" class=\"button product_type_simple\" data-product_id=\"5947\" data-product_sku=\"\" aria-label=\"Leia mais sobre &ldquo;Pneus para Tratores&rdquo;\" rel=\"nofollow\">Leia mais<\/a><\/div><\/li>\n<li class=\"product type-product post-5946 status-publish last instock product_cat-pneus has-post-thumbnail shipping-taxable product-type-simple wd-wc-style-1\">\n\t<div class='product-image-wrapper'><a href=\"https:\/\/zenimaquinas.com\/index.php\/produto\/pneus-pneumaticos-para-empilhadeiras\/\"><img loading=\"lazy\" decoding=\"async\" width=\"458\" height=\"387\" src=\"https:\/\/zenimaquinas.com\/wp-content\/uploads\/2025\/02\/Captura-de-tela-2025-02-04-172615.jpg\" class=\"attachment-woocommerce_thumbnail size-woocommerce_thumbnail\" alt=\"Pneus Pneum\u00e1ticos para Empilhadeiras\" srcset=\"https:\/\/zenimaquinas.com\/wp-content\/uploads\/2025\/02\/Captura-de-tela-2025-02-04-172615.jpg 458w, https:\/\/zenimaquinas.com\/wp-content\/uploads\/2025\/02\/Captura-de-tela-2025-02-04-172615-300x253.jpg 300w\" sizes=\"(max-width: 458px) 100vw, 458px\" \/><\/a><\/div><div class=\"product-details-wrapper\">\r\n              <h2 class=\"woocommerce-loop-product__title\">\r\n                <a href=\"https:\/\/zenimaquinas.com\/index.php\/produto\/pneus-pneumaticos-para-empilhadeiras\/\">Pneus Pneum\u00e1ticos para Empilhadeiras <\/a>\r\n              <\/h2>\r\n\r\n<div class=\"pricing-location\">    \r\n\t<\/div>\r\n\r\n\r\n<div class=\"description\">\r\n    <\/div>\r\n<a href=\"https:\/\/zenimaquinas.com\/index.php\/produto\/pneus-pneumaticos-para-empilhadeiras\/\"  data-quantity=\"1\" class=\"button product_type_simple\" data-product_id=\"5946\" data-product_sku=\"\" aria-label=\"Leia mais sobre &ldquo;Pneus Pneum\u00e1ticos para Empilhadeiras&rdquo;\" rel=\"nofollow\">Leia mais<\/a><\/div><\/li>\n<li class=\"product type-product post-5883 status-publish first instock product_cat-locacao product_cat-vendas has-post-thumbnail shipping-taxable product-type-simple wd-wc-style-1\">\n\t<div class='product-image-wrapper'><a href=\"https:\/\/zenimaquinas.com\/index.php\/produto\/trator-yanmar-1155\/\"><img loading=\"lazy\" decoding=\"async\" width=\"396\" height=\"315\" src=\"https:\/\/zenimaquinas.com\/wp-content\/uploads\/2025\/01\/Captura-de-tela-2025-01-07-190436.jpg\" class=\"attachment-woocommerce_thumbnail size-woocommerce_thumbnail\" alt=\"Trator Yanmar 1155\" srcset=\"https:\/\/zenimaquinas.com\/wp-content\/uploads\/2025\/01\/Captura-de-tela-2025-01-07-190436.jpg 396w, https:\/\/zenimaquinas.com\/wp-content\/uploads\/2025\/01\/Captura-de-tela-2025-01-07-190436-300x239.jpg 300w\" sizes=\"(max-width: 396px) 100vw, 396px\" \/><\/a><\/div><div class=\"product-details-wrapper\">\r\n              <h2 class=\"woocommerce-loop-product__title\">\r\n                <a href=\"https:\/\/zenimaquinas.com\/index.php\/produto\/trator-yanmar-1155\/\">Trator Yanmar 1155 <\/a>\r\n              <\/h2>\r\n\r\n<div class=\"pricing-location\">    \r\n\t<\/div>\r\n\r\n\r\n<div class=\"description\">\r\n    <\/div>\r\n<a href=\"https:\/\/zenimaquinas.com\/index.php\/produto\/trator-yanmar-1155\/\"  data-quantity=\"1\" class=\"button product_type_simple\" data-product_id=\"5883\" data-product_sku=\"\" aria-label=\"Leia mais sobre &ldquo;Trator Yanmar 1155&rdquo;\" rel=\"nofollow\">Leia mais<\/a><\/div><\/li>\n<li class=\"product type-product post-5940 status-publish instock product_cat-compras product_cat-venda-de-tratores has-post-thumbnail shipping-taxable product-type-simple wd-wc-style-1\">\n\t<div class='product-image-wrapper'><a href=\"https:\/\/zenimaquinas.com\/index.php\/produto\/trator-yanmar-agritech-1145\/\"><img loading=\"lazy\" decoding=\"async\" width=\"393\" height=\"323\" src=\"https:\/\/zenimaquinas.com\/wp-content\/uploads\/2025\/02\/Captura-de-tela-2025-02-04-172017.jpg\" class=\"attachment-woocommerce_thumbnail size-woocommerce_thumbnail\" alt=\"Trator Yanmar Agritech 1145\" srcset=\"https:\/\/zenimaquinas.com\/wp-content\/uploads\/2025\/02\/Captura-de-tela-2025-02-04-172017.jpg 393w, https:\/\/zenimaquinas.com\/wp-content\/uploads\/2025\/02\/Captura-de-tela-2025-02-04-172017-300x247.jpg 300w\" sizes=\"(max-width: 393px) 100vw, 393px\" \/><\/a><\/div><div class=\"product-details-wrapper\">\r\n              <h2 class=\"woocommerce-loop-product__title\">\r\n                <a href=\"https:\/\/zenimaquinas.com\/index.php\/produto\/trator-yanmar-agritech-1145\/\">Trator Yanmar Agritech 1145 <\/a>\r\n              <\/h2>\r\n\r\n<div class=\"pricing-location\">    \r\n\t<\/div>\r\n\r\n\r\n<div class=\"description\">\r\n    <\/div>\r\n<a href=\"https:\/\/zenimaquinas.com\/index.php\/produto\/trator-yanmar-agritech-1145\/\"  data-quantity=\"1\" class=\"button product_type_simple\" data-product_id=\"5940\" data-product_sku=\"\" aria-label=\"Leia mais sobre &ldquo;Trator Yanmar Agritech 1145&rdquo;\" rel=\"nofollow\">Leia mais<\/a><\/div><\/li>\n<\/ul>\n<\/div><div class=\"woocommerce columns-4 \"><\/div>\n","protected":false},"excerpt":{"rendered":"<p>Na Zeni, oferecemos uma linha completa de equipamentos novos para impulsionar a efici\u00eancia e a produtividade das suas opera\u00e7\u00f5es. Com op\u00e7\u00f5es de alta qualidade e desempenho, garantimos que voc\u00ea ter\u00e1 as melhores solu\u00e7\u00f5es para renovar sua frota e manter sua empresa sempre atualizada com as inova\u00e7\u00f5es do setor. Al\u00e9m de tratores, empilhadeiras e implementos agr\u00edcolas, [&hellip;]<\/p>\n","protected":false},"author":1,"featured_media":0,"parent":0,"menu_order":0,"comment_status":"closed","ping_status":"closed","template":"","meta":{"inline_featured_image":false,"footnotes":""},"class_list":["post-5804","page","type-page","status-publish","hentry"],"jetpack_sharing_enabled":true,"_links":{"self":[{"href":"https:\/\/zenimaquinas.com\/index.php\/wp-json\/wp\/v2\/pages\/5804","targetHints":{"allow":["GET"]}}],"collection":[{"href":"https:\/\/zenimaquinas.com\/index.php\/wp-json\/wp\/v2\/pages"}],"about":[{"href":"https:\/\/zenimaquinas.com\/index.php\/wp-json\/wp\/v2\/types\/page"}],"author":[{"embeddable":true,"href":"https:\/\/zenimaquinas.com\/index.php\/wp-json\/wp\/v2\/users\/1"}],"replies":[{"embeddable":true,"href":"https:\/\/zenimaquinas.com\/index.php\/wp-json\/wp\/v2\/comments?post=5804"}],"version-history":[{"count":7,"href":"https:\/\/zenimaquinas.com\/index.php\/wp-json\/wp\/v2\/pages\/5804\/revisions"}],"predecessor-version":[{"id":5867,"href":"https:\/\/zenimaquinas.com\/index.php\/wp-json\/wp\/v2\/pages\/5804\/revisions\/5867"}],"wp:attachment":[{"href":"https:\/\/zenimaquinas.com\/index.php\/wp-json\/wp\/v2\/media?parent=5804"}],"curies":[{"name":"wp","href":"https:\/\/api.w.org\/{rel}","templated":true}]}}