{"id":5915,"date":"2025-01-20T12:16:58","date_gmt":"2025-01-20T15:16:58","guid":{"rendered":"https:\/\/zenimaquinas.com\/?page_id=5915"},"modified":"2025-02-04T17:40:32","modified_gmt":"2025-02-04T20:40:32","slug":"pecas","status":"publish","type":"page","link":"https:\/\/zenimaquinas.com\/index.php\/pecas\/","title":{"rendered":"PE\u00c7AS"},"content":{"rendered":"<div class='wd_empty_space' data-heightmobile='50' data-heighttablet='50' data-heightdesktop='100'\r\n \t\t\t\t\t\tstyle='height:100px' ><\/div><div class=\"wd-heading text-left  \" style=\"max-width: 100%\" >\r\n\t\r\n\t\t\r\n\t\t<h2 style=\"margin:0;\" class=\"title_a\" data-text=\"compre\">\r\n\t\tPE\u00c7AS PARA TRATORES E EMPILHADEIRAS\t\t<\/h2>\r\n\r\n\t\t\t\t\t\t\t<p style=\"\" class=\"sub_title_a\">\r\n\t\t\tcompre\t\t\t<\/p>\r\n\t\t\t\t<hr class='hr_a' style=' margin: 10px;'\/>\r\n\t\t<\/div>\r\n\t<div class='wd_empty_space' data-heightmobile='20' data-heighttablet='20' data-heightdesktop='50'\r\n\t\tstyle='height:50px' ><\/div>Encontre as melhores pe\u00e7as para tratores e empilhadeiras aqui na Zeni! Trabalhamos com produtos de alta qualidade e compatibilidade garantida para diversas marcas e modelos. Solu\u00e7\u00f5es confi\u00e1veis para manter suas m\u00e1quinas em pleno funcionamento.<\/p>\n<h4><strong>Compra pelo whatsApp<\/strong><\/h4>\n<ol>\n<li>Clique no bot\u00e3o <strong>&#8220;Comprar pelo WhatsApp&#8221;<\/strong> dispon\u00edvel no site.<\/li>\n<li>Envie uma mensagem com as informa\u00e7\u00f5es da pe\u00e7a que voc\u00ea precisa (modelo, marca do equipamento, ou n\u00famero da pe\u00e7a, se souber).<\/li>\n<li>Nossa equipe retornar\u00e1 com todos os detalhes, como disponibilidade, pre\u00e7os e prazos.<\/li>\n<li>Ap\u00f3s aprova\u00e7\u00e3o, finalizamos a venda e informamos o envio.<\/li>\n<\/ol>\n<p><strong>Vantagens:<\/strong><\/p>\n<ul>\n<li>Atendimento \u00e1gil e direto.<\/li>\n<li>Resolu\u00e7\u00e3o de d\u00favidas em tempo real.<\/li>\n<\/ul>\n<p>&nbsp;<\/p>\n<h4><strong> Solicita\u00e7\u00e3o de cota\u00e7\u00e3o por e-mail<\/strong><\/h4>\n<p>Envie um e-mail para <strong>zenimecanica@hotmail.com<\/strong> com as seguintes informa\u00e7\u00f5es:<\/p>\n<ul>\n<li>Nome completo ou nome da empresa.<\/li>\n<li>Descri\u00e7\u00e3o da pe\u00e7a (modelo, marca do equipamento, etc.).<\/li>\n<li>Quantidade desejada.<\/li>\n<li>Informa\u00e7\u00f5es de contato.<\/li>\n<li>Nossa equipe analisar\u00e1 sua solicita\u00e7\u00e3o e responder\u00e1 em at\u00e9 24 horas com a melhor oferta e detalhes de entrega.<\/li>\n<\/ul>\n<div class=\"woocommerce columns-3 \"><ul class=\"products columns-3 grid\">\r\n<li class=\"product type-product post-5942 status-publish first instock product_cat-pecas product_cat-pneus has-post-thumbnail shipping-taxable product-type-simple wd-wc-style-1\">\n\t<div class='product-image-wrapper'><a href=\"https:\/\/zenimaquinas.com\/index.php\/produto\/pneus-macicos-para-empilhadeiras\/\"><img fetchpriority=\"high\" decoding=\"async\" width=\"432\" height=\"310\" src=\"https:\/\/zenimaquinas.com\/wp-content\/uploads\/2025\/02\/Captura-de-tela-2025-02-04-172606.jpg\" class=\"attachment-woocommerce_thumbnail size-woocommerce_thumbnail\" alt=\"Pneus Maci\u00e7os Para Empilhadeiras\" srcset=\"https:\/\/zenimaquinas.com\/wp-content\/uploads\/2025\/02\/Captura-de-tela-2025-02-04-172606.jpg 432w, https:\/\/zenimaquinas.com\/wp-content\/uploads\/2025\/02\/Captura-de-tela-2025-02-04-172606-300x215.jpg 300w\" sizes=\"(max-width: 432px) 100vw, 432px\" \/><\/a><\/div><div class=\"product-details-wrapper\">\r\n              <h2 class=\"woocommerce-loop-product__title\">\r\n                <a href=\"https:\/\/zenimaquinas.com\/index.php\/produto\/pneus-macicos-para-empilhadeiras\/\">Pneus Maci\u00e7os Para Empilhadeiras <\/a>\r\n              <\/h2>\r\n\r\n<div class=\"pricing-location\">    \r\n\t<\/div>\r\n\r\n\r\n<div class=\"description\">\r\n    <\/div>\r\n<a href=\"https:\/\/zenimaquinas.com\/index.php\/produto\/pneus-macicos-para-empilhadeiras\/\"  data-quantity=\"1\" class=\"button product_type_simple\" data-product_id=\"5942\" data-product_sku=\"\" aria-label=\"Leia mais sobre &ldquo;Pneus Maci\u00e7os Para Empilhadeiras&rdquo;\" rel=\"nofollow\">Leia mais<\/a><\/div><\/li>\n<li class=\"product type-product post-5947 status-publish instock product_cat-pneus has-post-thumbnail shipping-taxable product-type-simple wd-wc-style-1\">\n\t<div class='product-image-wrapper'><a href=\"https:\/\/zenimaquinas.com\/index.php\/produto\/pneus-para-tratores\/\"><img decoding=\"async\" width=\"508\" height=\"385\" src=\"https:\/\/zenimaquinas.com\/wp-content\/uploads\/2025\/02\/Captura-de-tela-2025-02-04-172634.jpg\" class=\"attachment-woocommerce_thumbnail size-woocommerce_thumbnail\" alt=\"Pneus para Tratores\" srcset=\"https:\/\/zenimaquinas.com\/wp-content\/uploads\/2025\/02\/Captura-de-tela-2025-02-04-172634.jpg 508w, https:\/\/zenimaquinas.com\/wp-content\/uploads\/2025\/02\/Captura-de-tela-2025-02-04-172634-300x227.jpg 300w\" sizes=\"(max-width: 508px) 100vw, 508px\" \/><\/a><\/div><div class=\"product-details-wrapper\">\r\n              <h2 class=\"woocommerce-loop-product__title\">\r\n                <a href=\"https:\/\/zenimaquinas.com\/index.php\/produto\/pneus-para-tratores\/\">Pneus para Tratores <\/a>\r\n              <\/h2>\r\n\r\n<div class=\"pricing-location\">    \r\n\t<\/div>\r\n\r\n\r\n<div class=\"description\">\r\n    <\/div>\r\n<a href=\"https:\/\/zenimaquinas.com\/index.php\/produto\/pneus-para-tratores\/\"  data-quantity=\"1\" class=\"button product_type_simple\" data-product_id=\"5947\" data-product_sku=\"\" aria-label=\"Leia mais sobre &ldquo;Pneus para Tratores&rdquo;\" rel=\"nofollow\">Leia mais<\/a><\/div><\/li>\n<li class=\"product type-product post-5946 status-publish last instock product_cat-pneus has-post-thumbnail shipping-taxable product-type-simple wd-wc-style-1\">\n\t<div class='product-image-wrapper'><a href=\"https:\/\/zenimaquinas.com\/index.php\/produto\/pneus-pneumaticos-para-empilhadeiras\/\"><img decoding=\"async\" width=\"458\" height=\"387\" src=\"https:\/\/zenimaquinas.com\/wp-content\/uploads\/2025\/02\/Captura-de-tela-2025-02-04-172615.jpg\" class=\"attachment-woocommerce_thumbnail size-woocommerce_thumbnail\" alt=\"Pneus Pneum\u00e1ticos para Empilhadeiras\" srcset=\"https:\/\/zenimaquinas.com\/wp-content\/uploads\/2025\/02\/Captura-de-tela-2025-02-04-172615.jpg 458w, https:\/\/zenimaquinas.com\/wp-content\/uploads\/2025\/02\/Captura-de-tela-2025-02-04-172615-300x253.jpg 300w\" sizes=\"(max-width: 458px) 100vw, 458px\" \/><\/a><\/div><div class=\"product-details-wrapper\">\r\n              <h2 class=\"woocommerce-loop-product__title\">\r\n                <a href=\"https:\/\/zenimaquinas.com\/index.php\/produto\/pneus-pneumaticos-para-empilhadeiras\/\">Pneus Pneum\u00e1ticos para Empilhadeiras <\/a>\r\n              <\/h2>\r\n\r\n<div class=\"pricing-location\">    \r\n\t<\/div>\r\n\r\n\r\n<div class=\"description\">\r\n    <\/div>\r\n<a href=\"https:\/\/zenimaquinas.com\/index.php\/produto\/pneus-pneumaticos-para-empilhadeiras\/\"  data-quantity=\"1\" class=\"button product_type_simple\" data-product_id=\"5946\" data-product_sku=\"\" aria-label=\"Leia mais sobre &ldquo;Pneus Pneum\u00e1ticos para Empilhadeiras&rdquo;\" rel=\"nofollow\">Leia mais<\/a><\/div><\/li>\n<\/ul>\n<\/div>\n","protected":false},"excerpt":{"rendered":"<p>Encontre as melhores pe\u00e7as para tratores e empilhadeiras aqui na Zeni! Trabalhamos com produtos de alta qualidade e compatibilidade garantida para diversas marcas e modelos. Solu\u00e7\u00f5es confi\u00e1veis para manter suas m\u00e1quinas em pleno funcionamento. Compra pelo whatsApp Clique no bot\u00e3o &#8220;Comprar pelo WhatsApp&#8221; dispon\u00edvel no site. Envie uma mensagem com as informa\u00e7\u00f5es da pe\u00e7a que [&hellip;]<\/p>\n","protected":false},"author":1,"featured_media":0,"parent":0,"menu_order":0,"comment_status":"closed","ping_status":"closed","template":"","meta":{"inline_featured_image":false,"footnotes":""},"class_list":["post-5915","page","type-page","status-publish","hentry"],"jetpack_sharing_enabled":true,"_links":{"self":[{"href":"https:\/\/zenimaquinas.com\/index.php\/wp-json\/wp\/v2\/pages\/5915","targetHints":{"allow":["GET"]}}],"collection":[{"href":"https:\/\/zenimaquinas.com\/index.php\/wp-json\/wp\/v2\/pages"}],"about":[{"href":"https:\/\/zenimaquinas.com\/index.php\/wp-json\/wp\/v2\/types\/page"}],"author":[{"embeddable":true,"href":"https:\/\/zenimaquinas.com\/index.php\/wp-json\/wp\/v2\/users\/1"}],"replies":[{"embeddable":true,"href":"https:\/\/zenimaquinas.com\/index.php\/wp-json\/wp\/v2\/comments?post=5915"}],"version-history":[{"count":11,"href":"https:\/\/zenimaquinas.com\/index.php\/wp-json\/wp\/v2\/pages\/5915\/revisions"}],"predecessor-version":[{"id":5951,"href":"https:\/\/zenimaquinas.com\/index.php\/wp-json\/wp\/v2\/pages\/5915\/revisions\/5951"}],"wp:attachment":[{"href":"https:\/\/zenimaquinas.com\/index.php\/wp-json\/wp\/v2\/media?parent=5915"}],"curies":[{"name":"wp","href":"https:\/\/api.w.org\/{rel}","templated":true}]}}