{"id":5869,"date":"2024-12-02T14:51:51","date_gmt":"2024-12-02T17:51:51","guid":{"rendered":"https:\/\/zenimaquinas.com\/?post_type=product&#038;p=5869"},"modified":"2025-01-31T14:00:56","modified_gmt":"2025-01-31T17:00:56","slug":"lavadora-de-piso-brava","status":"publish","type":"product","link":"https:\/\/zenimaquinas.com\/index.php\/produto\/lavadora-de-piso-brava\/","title":{"rendered":"Lavadora de Piso Brava"},"content":{"rendered":"<p>O sucesso que seu neg\u00f3cio merece. Fabricada no Brasil, a Brava \u00e9 l\u00edder em vendas e uma das lavadoras de piso mais populares do mercado. Com design compacto, foi projetada para facilitar a limpeza de ambientes congestionados e de dif\u00edcil acesso. \u00c9 ideal para espa\u00e7os como shoppings, institui\u00e7\u00f5es de ensino, armaz\u00e9ns log\u00edsticos, ind\u00fastrias, e outros locais que demandam limpeza r\u00e1pida e eficiente.<\/p>\n<p>&nbsp;<\/p>\n<p><strong><b>Caracter\u00edsticas Principais<\/b><\/strong><\/p>\n<ul>\n<li><b><\/b><strong><b>Painel com Indicadores<\/b><\/strong><br \/>\nControles intuitivos e simplificados, proporcionando uma opera\u00e7\u00e3o f\u00e1cil e reduzindo o tempo necess\u00e1rio para treinamento.<\/li>\n<li><b><\/b><strong><b>Vers\u00e1til e Compacta<\/b><\/strong><br \/>\nEscovas laterais remov\u00edveis reduzem a largura da m\u00e1quina para apenas 70 cm, facilitando o transporte em elevadores e em corredores estreitos.<\/li>\n<li><b><\/b><strong><b>Sistema de Troca R\u00e1pida de Bateria (\u201cRoll-Out\u201d)<\/b><\/strong><br \/>\nPermite troca r\u00e1pida da bateria, aumentando a autonomia e a produtividade da lavadora.<\/li>\n<li><b><\/b><strong><b>Alta Resist\u00eancia<\/b><\/strong><br \/>\nEstrutura robusta, projetada para resistir a impactos, prolongando a vida \u00fatil da m\u00e1quina.<\/li>\n<li><b><\/b><strong><b>Grande Capacidade<\/b><\/strong><br \/>\nTanque de solu\u00e7\u00e3o de 120L, garantindo efici\u00eancia e menos paradas durante a opera\u00e7\u00e3o.<\/li>\n<li><b><\/b><strong><b>Manobrabilidade<\/b><\/strong><br \/>\nGira em um raio de 1,4 m, permitindo manobras \u00e1geis em espa\u00e7os reduzidos.<\/li>\n<li><b><\/b><strong><b>Seguran\u00e7a<\/b><\/strong><br \/>\nEquipamento com giroflex, buzina, alarme de r\u00e9 e bot\u00e3o de emerg\u00eancia para garantir a seguran\u00e7a do operador.<\/li>\n<\/ul>\n<p><strong><b>Assento Ergon\u00f4mico<\/b><\/strong><br \/>\nProporciona maior conforto ao operador, reduzindo a fadiga durante longos<\/p>\n<p>&nbsp;<\/p>\n<p><strong><b>Especifica\u00e7\u00f5es T\u00e9cnicas<\/b><\/strong><\/p>\n<ul>\n<li><b><\/b><strong><b>Produtividade m\u00e1xima te\u00f3rica<\/b><\/strong>: At\u00e9 5.220 m\u00b2\/h<\/li>\n<li><b><\/b><strong><b>Peso (com baterias)<\/b><\/strong>: 650 kg<\/li>\n<li><b><\/b><strong><b>Largura do rodo<\/b><\/strong>: 1.100 mm<\/li>\n<li><b><\/b><strong><b>Tipo de m\u00e1quina<\/b><\/strong>: Opera\u00e7\u00e3o a bordo<\/li>\n<li><b><\/b><strong><b>Rota\u00e7\u00e3o da escova<\/b><\/strong>: At\u00e9 240 rpm<\/li>\n<li><b><\/b><strong><b>Comprimento da m\u00e1quina<\/b><\/strong>: 1.650 mm<\/li>\n<li><b><\/b><strong><b>Faixa de limpeza<\/b><\/strong>: 870 mm<\/li>\n<li><b><\/b><strong><b>Aplica\u00e7\u00e3o<\/b><\/strong>: Interior<\/li>\n<li><b><\/b><strong><b>Capacidade do tanque de recupera\u00e7\u00e3o<\/b><\/strong>: 120 L<\/li>\n<li><b><\/b><strong><b>Capacidade do tanque de solu\u00e7\u00e3o<\/b><\/strong>: 120 L<\/li>\n<li><b><\/b><strong><b>N\u00edvel de ru\u00eddo<\/b><\/strong>: M\u00ednimo de 70 dBA<\/li>\n<li><b><\/b><strong><b>Fonte de energia<\/b><\/strong>: Bateria<\/li>\n<li><b><\/b><strong><b>Largura da m\u00e1quina<\/b><\/strong>: 700 mm<\/li>\n<li><b><\/b><strong><b>Tipo de cabe\u00e7ote<\/b><\/strong>: Disco<\/li>\n<li><b><\/b><strong><b>Altura da m\u00e1quina<\/b><\/strong>: 1.470 mm<\/li>\n<\/ul>\n","protected":false},"excerpt":{"rendered":"<p>O sucesso que seu neg\u00f3cio merece. Fabricada no Brasil, a Brava \u00e9 l\u00edder em vendas e uma das lavadoras de piso mais populares do mercado. Com design compacto, foi projetada para facilitar a limpeza de ambientes congestionados e de dif\u00edcil acesso. \u00c9 ideal para espa\u00e7os como shoppings, institui\u00e7\u00f5es de ensino, armaz\u00e9ns log\u00edsticos, ind\u00fastrias, e outros [&hellip;]<\/p>\n","protected":false},"featured_media":5870,"comment_status":"open","ping_status":"closed","template":"","meta":{"inline_featured_image":false},"product_brand":[],"product_cat":[68,69,67],"product_tag":[],"class_list":{"0":"post-5869","1":"product","2":"type-product","3":"status-publish","4":"has-post-thumbnail","6":"product_cat-compras","7":"product_cat-locacao","8":"product_cat-vendas","10":"first","11":"instock","12":"shipping-taxable","13":"product-type-simple"},"jetpack_sharing_enabled":true,"_links":{"self":[{"href":"https:\/\/zenimaquinas.com\/index.php\/wp-json\/wp\/v2\/product\/5869","targetHints":{"allow":["GET"]}}],"collection":[{"href":"https:\/\/zenimaquinas.com\/index.php\/wp-json\/wp\/v2\/product"}],"about":[{"href":"https:\/\/zenimaquinas.com\/index.php\/wp-json\/wp\/v2\/types\/product"}],"replies":[{"embeddable":true,"href":"https:\/\/zenimaquinas.com\/index.php\/wp-json\/wp\/v2\/comments?post=5869"}],"wp:featuredmedia":[{"embeddable":true,"href":"https:\/\/zenimaquinas.com\/index.php\/wp-json\/wp\/v2\/media\/5870"}],"wp:attachment":[{"href":"https:\/\/zenimaquinas.com\/index.php\/wp-json\/wp\/v2\/media?parent=5869"}],"wp:term":[{"taxonomy":"product_brand","embeddable":true,"href":"https:\/\/zenimaquinas.com\/index.php\/wp-json\/wp\/v2\/product_brand?post=5869"},{"taxonomy":"product_cat","embeddable":true,"href":"https:\/\/zenimaquinas.com\/index.php\/wp-json\/wp\/v2\/product_cat?post=5869"},{"taxonomy":"product_tag","embeddable":true,"href":"https:\/\/zenimaquinas.com\/index.php\/wp-json\/wp\/v2\/product_tag?post=5869"}],"curies":[{"name":"wp","href":"https:\/\/api.w.org\/{rel}","templated":true}]}}