{"id":5883,"date":"2025-01-07T19:03:47","date_gmt":"2025-01-07T22:03:47","guid":{"rendered":"https:\/\/zenimaquinas.com\/?post_type=product&#038;p=5883"},"modified":"2025-01-31T14:00:14","modified_gmt":"2025-01-31T17:00:14","slug":"trator-yanmar-1155","status":"publish","type":"product","link":"https:\/\/zenimaquinas.com\/index.php\/produto\/trator-yanmar-1155\/","title":{"rendered":"Trator Yanmar 1155"},"content":{"rendered":"<h3><strong><b>Caracter\u00edsticas<\/b><\/strong><\/h3>\n<ul>\n<li><b><\/b><strong><b>Motor<\/b><\/strong>: Yanmar 4TNV88<\/li>\n<li><b><\/b><strong><b>Tra\u00e7\u00e3o<\/b><\/strong>: 4&#215;4, ideal para terrenos diversos<\/li>\n<li><b><\/b><strong><b>C\u00e2mbio<\/b><\/strong>: Lateral deslizante com 8 marchas \u00e0 frente e 2 \u00e0 r\u00e9<\/li>\n<li><b><\/b><strong><b>Capacidade de levantamento hidr\u00e1ulico<\/b><\/strong>: 1.500 kg<\/li>\n<li><b><\/b><strong><b>Sistema Auto Lift<\/b><\/strong>: Facilita o levantamento de implementos<\/li>\n<li><b><\/b><strong><b>Raio de giro reduzido<\/b><\/strong>: Melhor mobilidade em \u00e1reas menores<\/li>\n<li><b><\/b><strong><b>TDP (Tomada de Pot\u00eancia)<\/b><\/strong>: 45,6 cv, com opera\u00e7\u00e3o independente<\/li>\n<li><b><\/b><strong><b>Design compacto<\/b><\/strong>: Adequado para \u00e1reas agr\u00edcolas menores<\/li>\n<li><b><\/b><strong><b>Efici\u00eancia de combust\u00edvel<\/b><\/strong>: Baixo consumo para redu\u00e7\u00e3o de custos operacionais<\/li>\n<\/ul>\n<h3><strong><b>Especifica\u00e7\u00f5es T\u00e9cnicas<\/b><\/strong><\/h3>\n<ul>\n<li><b><\/b><strong><b>Peso<\/b><\/strong>: Aproximadamente 1.565 kg<\/li>\n<li><b><\/b><strong><b>V\u00e3o livre do solo<\/b><\/strong>: 310 mm<\/li>\n<li><b><\/b><strong><b>Raio de giro<\/b><\/strong>: 2.650 mm com tra\u00e7\u00e3o ativada<\/li>\n<\/ul>\n","protected":false},"excerpt":{"rendered":"<p>Caracter\u00edsticas Motor: Yanmar 4TNV88 Tra\u00e7\u00e3o: 4&#215;4, ideal para terrenos diversos C\u00e2mbio: Lateral deslizante com 8 marchas \u00e0 frente e 2 \u00e0 r\u00e9 Capacidade de levantamento hidr\u00e1ulico: 1.500 kg Sistema Auto Lift: Facilita o levantamento de implementos Raio de giro reduzido: Melhor mobilidade em \u00e1reas menores TDP (Tomada de Pot\u00eancia): 45,6 cv, com opera\u00e7\u00e3o independente Design [&hellip;]<\/p>\n","protected":false},"featured_media":5888,"comment_status":"open","ping_status":"closed","template":"","meta":{"inline_featured_image":false},"product_brand":[],"product_cat":[69,67],"product_tag":[],"class_list":{"0":"post-5883","1":"product","2":"type-product","3":"status-publish","4":"has-post-thumbnail","6":"product_cat-locacao","7":"product_cat-vendas","9":"first","10":"instock","11":"shipping-taxable","12":"product-type-simple"},"jetpack_sharing_enabled":true,"_links":{"self":[{"href":"https:\/\/zenimaquinas.com\/index.php\/wp-json\/wp\/v2\/product\/5883","targetHints":{"allow":["GET"]}}],"collection":[{"href":"https:\/\/zenimaquinas.com\/index.php\/wp-json\/wp\/v2\/product"}],"about":[{"href":"https:\/\/zenimaquinas.com\/index.php\/wp-json\/wp\/v2\/types\/product"}],"replies":[{"embeddable":true,"href":"https:\/\/zenimaquinas.com\/index.php\/wp-json\/wp\/v2\/comments?post=5883"}],"wp:featuredmedia":[{"embeddable":true,"href":"https:\/\/zenimaquinas.com\/index.php\/wp-json\/wp\/v2\/media\/5888"}],"wp:attachment":[{"href":"https:\/\/zenimaquinas.com\/index.php\/wp-json\/wp\/v2\/media?parent=5883"}],"wp:term":[{"taxonomy":"product_brand","embeddable":true,"href":"https:\/\/zenimaquinas.com\/index.php\/wp-json\/wp\/v2\/product_brand?post=5883"},{"taxonomy":"product_cat","embeddable":true,"href":"https:\/\/zenimaquinas.com\/index.php\/wp-json\/wp\/v2\/product_cat?post=5883"},{"taxonomy":"product_tag","embeddable":true,"href":"https:\/\/zenimaquinas.com\/index.php\/wp-json\/wp\/v2\/product_tag?post=5883"}],"curies":[{"name":"wp","href":"https:\/\/api.w.org\/{rel}","templated":true}]}}