{"id":5889,"date":"2025-01-07T19:05:29","date_gmt":"2025-01-07T22:05:29","guid":{"rendered":"https:\/\/zenimaquinas.com\/?post_type=product&#038;p=5889"},"modified":"2025-03-22T15:14:45","modified_gmt":"2025-03-22T18:14:45","slug":"empilhadeira-hangcha-glp-3t","status":"publish","type":"product","link":"https:\/\/zenimaquinas.com\/index.php\/produto\/empilhadeira-hangcha-glp-3t\/","title":{"rendered":"Empilhadeira Hangcha GLP 3T"},"content":{"rendered":"<h3><strong><b>Caracter\u00edsticas:<\/b><\/strong><\/h3>\n<ul>\n<li><b><\/b><strong><b>Combust\u00edvel:<\/b><\/strong>GLP (g\u00e1s liquefeito de petr\u00f3leo)<\/li>\n<li><b><\/b><strong><b>Motor:<\/b><\/strong>Nissan K25, confi\u00e1vel e econ\u00f4mico<\/li>\n<li><b><\/b><strong><b>Tipo de pneu:<\/b><\/strong>Pneum\u00e1tico ou maci\u00e7o conforme local de opera\u00e7\u00e3o<\/li>\n<li><b><\/b><strong><b>Sistema de Dire\u00e7\u00e3o:<\/b><\/strong>Hidr\u00e1ulico para melhor manobrabilidade<\/li>\n<li><b><\/b><strong><b>Sistema de Seguran\u00e7a:<\/b><\/strong>Inclui luz de r\u00e9, alarme sonoro, espelhos retrovisores, giroflex, buzina e painel digital de instrumentos<\/li>\n<li><b><\/b><strong><b>Ilumina\u00e7\u00e3o:<\/b><\/strong>Far\u00f3is dianteiros e traseiros em LED, reduzindo consumo de energia<\/li>\n<li><b><\/b><strong><b>Deslocador lateral:<\/b><\/strong>Equipado para melhorar o controle na movimenta\u00e7\u00e3o de cargas<\/li>\n<\/ul>\n<h3><strong><b>Especifica\u00e7\u00f5es T\u00e9cnicas:<\/b><\/strong><\/h3>\n<ul>\n<li><b><\/b><strong><b>Capacidade de Carga:<\/b><\/strong>000 kg<\/li>\n<li><b><\/b><strong><b>Altura de Eleva\u00e7\u00e3o M\u00e1xima:<\/b><\/strong>500 mm<\/li>\n<li><b><\/b><strong><b>Centro de Carga:<\/b><\/strong>500 mm<\/li>\n<li><b><\/b><strong><b>Raio de Giro:<\/b><\/strong>Aproximadamente 2.265 mm, facilitando o trabalho em espa\u00e7os limitados<\/li>\n<li><b><\/b><strong><b>Altura do Mastro Abaixado:<\/b><\/strong>114 mm, ideal para armazenagem em locais com teto baixo<\/li>\n<li><b><\/b><strong><b>Transmiss\u00e3o:<\/b><\/strong>Autom\u00e1tica para uma opera\u00e7\u00e3o mais suave e menos desgastante<\/li>\n<\/ul>\n","protected":false},"excerpt":{"rendered":"<p>Caracter\u00edsticas: Combust\u00edvel:GLP (g\u00e1s liquefeito de petr\u00f3leo) Motor:Nissan K25, confi\u00e1vel e econ\u00f4mico Tipo de pneu:Pneum\u00e1tico ou maci\u00e7o conforme local de opera\u00e7\u00e3o Sistema de Dire\u00e7\u00e3o:Hidr\u00e1ulico para melhor manobrabilidade Sistema de Seguran\u00e7a:Inclui luz de r\u00e9, alarme sonoro, espelhos retrovisores, giroflex, buzina e painel digital de instrumentos Ilumina\u00e7\u00e3o:Far\u00f3is dianteiros e traseiros em LED, reduzindo consumo de energia Deslocador lateral:Equipado [&hellip;]<\/p>\n","protected":false},"featured_media":5886,"comment_status":"open","ping_status":"closed","template":"","meta":{"inline_featured_image":false},"product_brand":[],"product_cat":[69,67],"product_tag":[],"class_list":{"0":"post-5889","1":"product","2":"type-product","3":"status-publish","4":"has-post-thumbnail","6":"product_cat-locacao","7":"product_cat-vendas","9":"first","10":"instock","11":"shipping-taxable","12":"product-type-simple"},"jetpack_sharing_enabled":true,"_links":{"self":[{"href":"https:\/\/zenimaquinas.com\/index.php\/wp-json\/wp\/v2\/product\/5889","targetHints":{"allow":["GET"]}}],"collection":[{"href":"https:\/\/zenimaquinas.com\/index.php\/wp-json\/wp\/v2\/product"}],"about":[{"href":"https:\/\/zenimaquinas.com\/index.php\/wp-json\/wp\/v2\/types\/product"}],"replies":[{"embeddable":true,"href":"https:\/\/zenimaquinas.com\/index.php\/wp-json\/wp\/v2\/comments?post=5889"}],"wp:featuredmedia":[{"embeddable":true,"href":"https:\/\/zenimaquinas.com\/index.php\/wp-json\/wp\/v2\/media\/5886"}],"wp:attachment":[{"href":"https:\/\/zenimaquinas.com\/index.php\/wp-json\/wp\/v2\/media?parent=5889"}],"wp:term":[{"taxonomy":"product_brand","embeddable":true,"href":"https:\/\/zenimaquinas.com\/index.php\/wp-json\/wp\/v2\/product_brand?post=5889"},{"taxonomy":"product_cat","embeddable":true,"href":"https:\/\/zenimaquinas.com\/index.php\/wp-json\/wp\/v2\/product_cat?post=5889"},{"taxonomy":"product_tag","embeddable":true,"href":"https:\/\/zenimaquinas.com\/index.php\/wp-json\/wp\/v2\/product_tag?post=5889"}],"curies":[{"name":"wp","href":"https:\/\/api.w.org\/{rel}","templated":true}]}}