{"id":5891,"date":"2025-01-07T19:06:17","date_gmt":"2025-01-07T22:06:17","guid":{"rendered":"https:\/\/zenimaquinas.com\/?post_type=product&#038;p=5891"},"modified":"2025-03-22T15:14:45","modified_gmt":"2025-03-22T18:14:45","slug":"empilhadeira-patolada-hangcha-eletrica-1-600-kg","status":"publish","type":"product","link":"https:\/\/zenimaquinas.com\/index.php\/produto\/empilhadeira-patolada-hangcha-eletrica-1-600-kg\/","title":{"rendered":"Empilhadeira Patolada Hangcha El\u00e9trica 1.600 kg"},"content":{"rendered":"<h3><strong><b>Caracter\u00edsticas<\/b><\/strong><\/h3>\n<ul>\n<li><b><\/b><strong><b>Tipo de Opera\u00e7\u00e3o:<\/b><\/strong>Operador a p\u00e9<\/li>\n<li><b><\/b><strong><b>Posi\u00e7\u00e3o do Operador:<\/b><\/strong>Em p\u00e9, com possibilidade de caminhar ao lado<\/li>\n<li><b><\/b><strong><b>Sistema de Tra\u00e7\u00e3o e Eleva\u00e7\u00e3o:<\/b><\/strong>El\u00e9trico, com motor de corrente alternada<\/li>\n<li><b><\/b><strong><b>Controlador:<\/b><\/strong>Curtis, proporcionando controle preciso<\/li>\n<li><b><\/b><strong><b>Conforto:<\/b><\/strong>Plataforma dobr\u00e1vel e sistema de condu\u00e7\u00e3o com suspens\u00e3o flutuante, aumentando o conforto do operador<\/li>\n<li><b><\/b><strong><b>Visibilidade:<\/b><\/strong>Estrutura otimizada para facilitar a opera\u00e7\u00e3o em locais estreitos<\/li>\n<li><b><\/b><strong><b>Manuten\u00e7\u00e3o:<\/b><\/strong>F\u00e1cil acesso ao controlador e \u00e0 bateria para trocas r\u00e1pidas<\/li>\n<li><b><\/b><strong><b>Rodas:<\/b><\/strong>Poliuretano, com boa capacidade de manobra<\/li>\n<\/ul>\n<h3><strong><b>Especifica\u00e7\u00f5es T\u00e9cnicas<\/b><\/strong><\/h3>\n<ul>\n<li><b><\/b><strong><b>Capacidade de Carga:<\/b><\/strong>600 kg<\/li>\n<li><b><\/b><strong><b>Altura M\u00e1xima de Eleva\u00e7\u00e3o:<\/b><\/strong>At\u00e9 3 metros<\/li>\n<li><b><\/b><strong><b>Largura Externa dos Garfos:<\/b><\/strong>540 mm ou 680 mm<\/li>\n<li><b><\/b><strong><b>Largura Externa da Patola:<\/b><\/strong>680 mm<\/li>\n<li><b><\/b><strong><b>Corredor Operacional:<\/b><\/strong>280 mm<\/li>\n<li><b><\/b><strong><b>Bateria:<\/b><\/strong>Tracion\u00e1ria, 24V, com op\u00e7\u00e3o de bateria de l\u00edtio<\/li>\n<li><b><\/b><strong><b>Material da Estrutura:<\/b><\/strong>A\u00e7o carbono<\/li>\n<\/ul>\n","protected":false},"excerpt":{"rendered":"<p>Caracter\u00edsticas Tipo de Opera\u00e7\u00e3o:Operador a p\u00e9 Posi\u00e7\u00e3o do Operador:Em p\u00e9, com possibilidade de caminhar ao lado Sistema de Tra\u00e7\u00e3o e Eleva\u00e7\u00e3o:El\u00e9trico, com motor de corrente alternada Controlador:Curtis, proporcionando controle preciso Conforto:Plataforma dobr\u00e1vel e sistema de condu\u00e7\u00e3o com suspens\u00e3o flutuante, aumentando o conforto do operador Visibilidade:Estrutura otimizada para facilitar a opera\u00e7\u00e3o em locais estreitos Manuten\u00e7\u00e3o:F\u00e1cil acesso [&hellip;]<\/p>\n","protected":false},"featured_media":5885,"comment_status":"open","ping_status":"closed","template":"","meta":{"inline_featured_image":false},"product_brand":[],"product_cat":[69,67],"product_tag":[],"class_list":{"0":"post-5891","1":"product","2":"type-product","3":"status-publish","4":"has-post-thumbnail","6":"product_cat-locacao","7":"product_cat-vendas","9":"first","10":"instock","11":"shipping-taxable","12":"product-type-simple"},"jetpack_sharing_enabled":true,"_links":{"self":[{"href":"https:\/\/zenimaquinas.com\/index.php\/wp-json\/wp\/v2\/product\/5891","targetHints":{"allow":["GET"]}}],"collection":[{"href":"https:\/\/zenimaquinas.com\/index.php\/wp-json\/wp\/v2\/product"}],"about":[{"href":"https:\/\/zenimaquinas.com\/index.php\/wp-json\/wp\/v2\/types\/product"}],"replies":[{"embeddable":true,"href":"https:\/\/zenimaquinas.com\/index.php\/wp-json\/wp\/v2\/comments?post=5891"}],"wp:featuredmedia":[{"embeddable":true,"href":"https:\/\/zenimaquinas.com\/index.php\/wp-json\/wp\/v2\/media\/5885"}],"wp:attachment":[{"href":"https:\/\/zenimaquinas.com\/index.php\/wp-json\/wp\/v2\/media?parent=5891"}],"wp:term":[{"taxonomy":"product_brand","embeddable":true,"href":"https:\/\/zenimaquinas.com\/index.php\/wp-json\/wp\/v2\/product_brand?post=5891"},{"taxonomy":"product_cat","embeddable":true,"href":"https:\/\/zenimaquinas.com\/index.php\/wp-json\/wp\/v2\/product_cat?post=5891"},{"taxonomy":"product_tag","embeddable":true,"href":"https:\/\/zenimaquinas.com\/index.php\/wp-json\/wp\/v2\/product_tag?post=5891"}],"curies":[{"name":"wp","href":"https:\/\/api.w.org\/{rel}","templated":true}]}}