{"id":5938,"date":"2025-02-04T17:19:52","date_gmt":"2025-02-04T20:19:52","guid":{"rendered":"https:\/\/zenimaquinas.com\/?post_type=product&#038;p=5938"},"modified":"2025-02-04T17:19:53","modified_gmt":"2025-02-04T20:19:53","slug":"empilhadeira-hangcha-diesel-3-toneladas","status":"publish","type":"product","link":"https:\/\/zenimaquinas.com\/index.php\/produto\/empilhadeira-hangcha-diesel-3-toneladas\/","title":{"rendered":"Empilhadeira Hangcha Diesel 3 toneladas"},"content":{"rendered":"<p><strong><b>Capacidade de Carga:<\/b><\/strong>\u00a03.000 kg<\/p>\n<p><strong><b>Altura de Eleva\u00e7\u00e3o:<\/b><\/strong>\u00a04.700 mm<\/p>\n<p><strong><b>Motor:<\/b><\/strong>\u00a0Xinchai<\/p>\n<p><strong><b>Transmiss\u00e3o:<\/b><\/strong>\u00a0Autom\u00e1tica<\/p>\n<p><strong><b>Pneus:<\/b><\/strong>\u00a0Pneum\u00e1ticos ou Maci\u00e7os<\/p>\n<p><strong><b>Consumo M\u00e9dio de Combust\u00edvel:<\/b><\/strong>\u00a0Aproximadamente 2 litros por hora<\/p>\n<p><strong><b>Caracter\u00edsticas Adicionais:<\/b><\/strong><\/p>\n<ul>\n<li>Adequada para uso interno e externo<\/li>\n<li>Mec\u00e2nica simples e de f\u00e1cil manuten\u00e7\u00e3o<\/li>\n<\/ul>\n","protected":false},"excerpt":{"rendered":"<p>Capacidade de Carga:\u00a03.000 kg Altura de Eleva\u00e7\u00e3o:\u00a04.700 mm Motor:\u00a0Xinchai Transmiss\u00e3o:\u00a0Autom\u00e1tica Pneus:\u00a0Pneum\u00e1ticos ou Maci\u00e7os Consumo M\u00e9dio de Combust\u00edvel:\u00a0Aproximadamente 2 litros por hora Caracter\u00edsticas Adicionais: Adequada para uso interno e externo Mec\u00e2nica simples e de f\u00e1cil manuten\u00e7\u00e3o<\/p>\n","protected":false},"featured_media":5939,"comment_status":"open","ping_status":"closed","template":"","meta":{"inline_featured_image":false},"product_brand":[],"product_cat":[72,82],"product_tag":[],"class_list":{"0":"post-5938","1":"product","2":"type-product","3":"status-publish","4":"has-post-thumbnail","6":"product_cat-locacao-de-empilhadeiras","7":"product_cat-venda-de-empilhadeiras","9":"first","10":"instock","11":"shipping-taxable","12":"product-type-simple"},"jetpack_sharing_enabled":true,"_links":{"self":[{"href":"https:\/\/zenimaquinas.com\/index.php\/wp-json\/wp\/v2\/product\/5938","targetHints":{"allow":["GET"]}}],"collection":[{"href":"https:\/\/zenimaquinas.com\/index.php\/wp-json\/wp\/v2\/product"}],"about":[{"href":"https:\/\/zenimaquinas.com\/index.php\/wp-json\/wp\/v2\/types\/product"}],"replies":[{"embeddable":true,"href":"https:\/\/zenimaquinas.com\/index.php\/wp-json\/wp\/v2\/comments?post=5938"}],"wp:featuredmedia":[{"embeddable":true,"href":"https:\/\/zenimaquinas.com\/index.php\/wp-json\/wp\/v2\/media\/5939"}],"wp:attachment":[{"href":"https:\/\/zenimaquinas.com\/index.php\/wp-json\/wp\/v2\/media?parent=5938"}],"wp:term":[{"taxonomy":"product_brand","embeddable":true,"href":"https:\/\/zenimaquinas.com\/index.php\/wp-json\/wp\/v2\/product_brand?post=5938"},{"taxonomy":"product_cat","embeddable":true,"href":"https:\/\/zenimaquinas.com\/index.php\/wp-json\/wp\/v2\/product_cat?post=5938"},{"taxonomy":"product_tag","embeddable":true,"href":"https:\/\/zenimaquinas.com\/index.php\/wp-json\/wp\/v2\/product_tag?post=5938"}],"curies":[{"name":"wp","href":"https:\/\/api.w.org\/{rel}","templated":true}]}}