{"id":5940,"date":"2025-02-04T17:20:39","date_gmt":"2025-02-04T20:20:39","guid":{"rendered":"https:\/\/zenimaquinas.com\/?post_type=product&#038;p=5940"},"modified":"2025-02-04T17:20:52","modified_gmt":"2025-02-04T20:20:52","slug":"trator-yanmar-agritech-1145","status":"publish","type":"product","link":"https:\/\/zenimaquinas.com\/index.php\/produto\/trator-yanmar-agritech-1145\/","title":{"rendered":"Trator Yanmar Agritech 1145"},"content":{"rendered":"<p><strong><b>Motor:<\/b><\/strong><\/p>\n<ul>\n<li>Diesel, 3 cilindros<\/li>\n<li>Combust\u00edvel: Diesel<\/li>\n<\/ul>\n<p><strong><b>Transmiss\u00e3o:<\/b><\/strong><\/p>\n<ul>\n<li>C\u00e2mbio com 8 marchas \u00e0 frente e 2 \u00e0 r\u00e9<\/li>\n<li>Tra\u00e7\u00e3o 4&#215;4<\/li>\n<\/ul>\n<p><strong><b>Dimens\u00f5es e Capacidades:<\/b><\/strong><\/p>\n<ul>\n<li>Peso: 1.960 kg<\/li>\n<li>Capacidade: 12t<\/li>\n<\/ul>\n<p>&nbsp;<\/p>\n","protected":false},"excerpt":{"rendered":"<p>Motor: Diesel, 3 cilindros Combust\u00edvel: Diesel Transmiss\u00e3o: C\u00e2mbio com 8 marchas \u00e0 frente e 2 \u00e0 r\u00e9 Tra\u00e7\u00e3o 4&#215;4 Dimens\u00f5es e Capacidades: Peso: 1.960 kg Capacidade: 12t &nbsp;<\/p>\n","protected":false},"featured_media":5941,"comment_status":"open","ping_status":"closed","template":"","meta":{"inline_featured_image":false},"product_brand":[],"product_cat":[68,81],"product_tag":[],"class_list":{"0":"post-5940","1":"product","2":"type-product","3":"status-publish","4":"has-post-thumbnail","6":"product_cat-compras","7":"product_cat-venda-de-tratores","9":"first","10":"instock","11":"shipping-taxable","12":"product-type-simple"},"jetpack_sharing_enabled":true,"_links":{"self":[{"href":"https:\/\/zenimaquinas.com\/index.php\/wp-json\/wp\/v2\/product\/5940","targetHints":{"allow":["GET"]}}],"collection":[{"href":"https:\/\/zenimaquinas.com\/index.php\/wp-json\/wp\/v2\/product"}],"about":[{"href":"https:\/\/zenimaquinas.com\/index.php\/wp-json\/wp\/v2\/types\/product"}],"replies":[{"embeddable":true,"href":"https:\/\/zenimaquinas.com\/index.php\/wp-json\/wp\/v2\/comments?post=5940"}],"wp:featuredmedia":[{"embeddable":true,"href":"https:\/\/zenimaquinas.com\/index.php\/wp-json\/wp\/v2\/media\/5941"}],"wp:attachment":[{"href":"https:\/\/zenimaquinas.com\/index.php\/wp-json\/wp\/v2\/media?parent=5940"}],"wp:term":[{"taxonomy":"product_brand","embeddable":true,"href":"https:\/\/zenimaquinas.com\/index.php\/wp-json\/wp\/v2\/product_brand?post=5940"},{"taxonomy":"product_cat","embeddable":true,"href":"https:\/\/zenimaquinas.com\/index.php\/wp-json\/wp\/v2\/product_cat?post=5940"},{"taxonomy":"product_tag","embeddable":true,"href":"https:\/\/zenimaquinas.com\/index.php\/wp-json\/wp\/v2\/product_tag?post=5940"}],"curies":[{"name":"wp","href":"https:\/\/api.w.org\/{rel}","templated":true}]}}