{"id":5942,"date":"2025-02-04T17:28:26","date_gmt":"2025-02-04T20:28:26","guid":{"rendered":"https:\/\/zenimaquinas.com\/?post_type=product&#038;p=5942"},"modified":"2025-05-28T14:02:43","modified_gmt":"2025-05-28T17:02:43","slug":"pneus-macicos-para-empilhadeiras","status":"publish","type":"product","link":"https:\/\/zenimaquinas.com\/index.php\/produto\/pneus-macicos-para-empilhadeiras\/","title":{"rendered":"Pneus Maci\u00e7os Para Empilhadeiras"},"content":{"rendered":"<p>&#8211; PNEU 3 TURNOS 28.9-15 MACI\u00c7O<\/p>\n<p>&#8211; PNEU STANDARD 3 TURNOS 6.50-10 MACI\u00c7O<\/p>\n<p>&#8211; PNEU STANDARD 3 TURNOS 6.00-9 MACI\u00c7O<\/p>\n<p>&#8211; PNEU STANDARD 3 TURNOS 7.00-12 MACI\u00c7O<\/p>\n","protected":false},"excerpt":{"rendered":"<p>&#8211; PNEU 3 TURNOS 28.9-15 MACI\u00c7O &#8211; PNEU STANDARD 3 TURNOS 6.50-10 MACI\u00c7O &#8211; PNEU STANDARD 3 TURNOS 6.00-9 MACI\u00c7O &#8211; PNEU STANDARD 3 TURNOS 7.00-12 MACI\u00c7O<\/p>\n","protected":false},"featured_media":5944,"comment_status":"open","ping_status":"closed","template":"","meta":{"inline_featured_image":false},"product_brand":[],"product_cat":[85,86],"product_tag":[],"class_list":{"0":"post-5942","1":"product","2":"type-product","3":"status-publish","4":"has-post-thumbnail","6":"product_cat-pecas","7":"product_cat-pneus","9":"first","10":"instock","11":"shipping-taxable","12":"product-type-simple"},"jetpack_sharing_enabled":true,"_links":{"self":[{"href":"https:\/\/zenimaquinas.com\/index.php\/wp-json\/wp\/v2\/product\/5942","targetHints":{"allow":["GET"]}}],"collection":[{"href":"https:\/\/zenimaquinas.com\/index.php\/wp-json\/wp\/v2\/product"}],"about":[{"href":"https:\/\/zenimaquinas.com\/index.php\/wp-json\/wp\/v2\/types\/product"}],"replies":[{"embeddable":true,"href":"https:\/\/zenimaquinas.com\/index.php\/wp-json\/wp\/v2\/comments?post=5942"}],"wp:featuredmedia":[{"embeddable":true,"href":"https:\/\/zenimaquinas.com\/index.php\/wp-json\/wp\/v2\/media\/5944"}],"wp:attachment":[{"href":"https:\/\/zenimaquinas.com\/index.php\/wp-json\/wp\/v2\/media?parent=5942"}],"wp:term":[{"taxonomy":"product_brand","embeddable":true,"href":"https:\/\/zenimaquinas.com\/index.php\/wp-json\/wp\/v2\/product_brand?post=5942"},{"taxonomy":"product_cat","embeddable":true,"href":"https:\/\/zenimaquinas.com\/index.php\/wp-json\/wp\/v2\/product_cat?post=5942"},{"taxonomy":"product_tag","embeddable":true,"href":"https:\/\/zenimaquinas.com\/index.php\/wp-json\/wp\/v2\/product_tag?post=5942"}],"curies":[{"name":"wp","href":"https:\/\/api.w.org\/{rel}","templated":true}]}}