{"id":5962,"date":"2025-05-28T10:40:49","date_gmt":"2025-05-28T13:40:49","guid":{"rendered":"https:\/\/zenimaquinas.com\/?post_type=product&#038;p=5962"},"modified":"2025-05-28T10:43:25","modified_gmt":"2025-05-28T13:43:25","slug":"empilhadeira-hangcha-patolada-2t-bateria-de-litio-operador-embarcado","status":"publish","type":"product","link":"https:\/\/zenimaquinas.com\/index.php\/produto\/empilhadeira-hangcha-patolada-2t-bateria-de-litio-operador-embarcado\/","title":{"rendered":"Empilhadeira Hangcha Patolada 2t (bateria de l\u00edtio, operador embarcado)"},"content":{"rendered":"<p><img fetchpriority=\"high\" decoding=\"async\" class=\"alignnone size-medium wp-image-5964\" src=\"https:\/\/zenimaquinas.com\/wp-content\/uploads\/2025\/05\/Copia-de-Copia-de-Copia-de-Black-Yellow-White-Simple-Minimalist-Marketing-Strategy-Tips-Carousel-Instagram-Post-Post-para-Instagram-45-1-240x300.png\" alt=\"\" width=\"240\" height=\"300\" srcset=\"https:\/\/zenimaquinas.com\/wp-content\/uploads\/2025\/05\/Copia-de-Copia-de-Copia-de-Black-Yellow-White-Simple-Minimalist-Marketing-Strategy-Tips-Carousel-Instagram-Post-Post-para-Instagram-45-1-240x300.png 240w, https:\/\/zenimaquinas.com\/wp-content\/uploads\/2025\/05\/Copia-de-Copia-de-Copia-de-Black-Yellow-White-Simple-Minimalist-Marketing-Strategy-Tips-Carousel-Instagram-Post-Post-para-Instagram-45-1-819x1024.png 819w, https:\/\/zenimaquinas.com\/wp-content\/uploads\/2025\/05\/Copia-de-Copia-de-Copia-de-Black-Yellow-White-Simple-Minimalist-Marketing-Strategy-Tips-Carousel-Instagram-Post-Post-para-Instagram-45-1-768x960.png 768w, https:\/\/zenimaquinas.com\/wp-content\/uploads\/2025\/05\/Copia-de-Copia-de-Copia-de-Black-Yellow-White-Simple-Minimalist-Marketing-Strategy-Tips-Carousel-Instagram-Post-Post-para-Instagram-45-1-800x1000.png 800w, https:\/\/zenimaquinas.com\/wp-content\/uploads\/2025\/05\/Copia-de-Copia-de-Copia-de-Black-Yellow-White-Simple-Minimalist-Marketing-Strategy-Tips-Carousel-Instagram-Post-Post-para-Instagram-45-1.png 1080w\" sizes=\"(max-width: 240px) 100vw, 240px\" \/> <img decoding=\"async\" class=\"alignnone size-medium wp-image-5965\" src=\"https:\/\/zenimaquinas.com\/wp-content\/uploads\/2025\/05\/Copia-de-Copia-de-Copia-de-Black-Yellow-White-Simple-Minimalist-Marketing-Strategy-Tips-Carousel-Instagram-Post-Post-para-Instagram-45-240x300.png\" alt=\"\" width=\"240\" height=\"300\" srcset=\"https:\/\/zenimaquinas.com\/wp-content\/uploads\/2025\/05\/Copia-de-Copia-de-Copia-de-Black-Yellow-White-Simple-Minimalist-Marketing-Strategy-Tips-Carousel-Instagram-Post-Post-para-Instagram-45-240x300.png 240w, https:\/\/zenimaquinas.com\/wp-content\/uploads\/2025\/05\/Copia-de-Copia-de-Copia-de-Black-Yellow-White-Simple-Minimalist-Marketing-Strategy-Tips-Carousel-Instagram-Post-Post-para-Instagram-45-819x1024.png 819w, https:\/\/zenimaquinas.com\/wp-content\/uploads\/2025\/05\/Copia-de-Copia-de-Copia-de-Black-Yellow-White-Simple-Minimalist-Marketing-Strategy-Tips-Carousel-Instagram-Post-Post-para-Instagram-45-768x960.png 768w, https:\/\/zenimaquinas.com\/wp-content\/uploads\/2025\/05\/Copia-de-Copia-de-Copia-de-Black-Yellow-White-Simple-Minimalist-Marketing-Strategy-Tips-Carousel-Instagram-Post-Post-para-Instagram-45-800x1000.png 800w, https:\/\/zenimaquinas.com\/wp-content\/uploads\/2025\/05\/Copia-de-Copia-de-Copia-de-Black-Yellow-White-Simple-Minimalist-Marketing-Strategy-Tips-Carousel-Instagram-Post-Post-para-Instagram-45.png 1080w\" sizes=\"(max-width: 240px) 100vw, 240px\" \/><\/p>\n","protected":false},"excerpt":{"rendered":"<p>A empilhadeira Hangcha Patolada com bateria de l\u00edtio \u00e9 a solu\u00e7\u00e3o ideal para opera\u00e7\u00f5es exigentes:<br \/>\nCargas r\u00e1pidas e de oportunidade<br \/>\nSem troca de bateria \u2013 perfeita para turnos m\u00faltiplos<br \/>\nVida \u00fatil longa: +2.000 ciclos com alta capacidade<br \/>\nLivre de manuten\u00e7\u00e3o<br \/>\nTecnologia limpa: sem ru\u00eddos e sem polui\u00e7\u00e3o<\/p>\n","protected":false},"featured_media":5965,"comment_status":"open","ping_status":"closed","template":"","meta":{"inline_featured_image":false},"product_brand":[],"product_cat":[69,67],"product_tag":[],"class_list":{"0":"post-5962","1":"product","2":"type-product","3":"status-publish","4":"has-post-thumbnail","6":"product_cat-locacao","7":"product_cat-vendas","9":"first","10":"instock","11":"shipping-taxable","12":"product-type-simple"},"jetpack_sharing_enabled":true,"_links":{"self":[{"href":"https:\/\/zenimaquinas.com\/index.php\/wp-json\/wp\/v2\/product\/5962","targetHints":{"allow":["GET"]}}],"collection":[{"href":"https:\/\/zenimaquinas.com\/index.php\/wp-json\/wp\/v2\/product"}],"about":[{"href":"https:\/\/zenimaquinas.com\/index.php\/wp-json\/wp\/v2\/types\/product"}],"replies":[{"embeddable":true,"href":"https:\/\/zenimaquinas.com\/index.php\/wp-json\/wp\/v2\/comments?post=5962"}],"wp:featuredmedia":[{"embeddable":true,"href":"https:\/\/zenimaquinas.com\/index.php\/wp-json\/wp\/v2\/media\/5965"}],"wp:attachment":[{"href":"https:\/\/zenimaquinas.com\/index.php\/wp-json\/wp\/v2\/media?parent=5962"}],"wp:term":[{"taxonomy":"product_brand","embeddable":true,"href":"https:\/\/zenimaquinas.com\/index.php\/wp-json\/wp\/v2\/product_brand?post=5962"},{"taxonomy":"product_cat","embeddable":true,"href":"https:\/\/zenimaquinas.com\/index.php\/wp-json\/wp\/v2\/product_cat?post=5962"},{"taxonomy":"product_tag","embeddable":true,"href":"https:\/\/zenimaquinas.com\/index.php\/wp-json\/wp\/v2\/product_tag?post=5962"}],"curies":[{"name":"wp","href":"https:\/\/api.w.org\/{rel}","templated":true}]}}